{"id":990,"date":"2018-08-29T19:39:23","date_gmt":"2018-08-29T22:39:23","guid":{"rendered":"https:\/\/isfd22-bue.infd.edu.ar\/sitio\/examenes\/"},"modified":"2021-02-15T10:21:57","modified_gmt":"2021-02-15T13:21:57","slug":"examenes","status":"publish","type":"page","link":"https:\/\/isfd22-bue.infd.edu.ar\/sitio\/examenes\/","title":{"rendered":"Ex\u00e1menes"},"content":{"rendered":"<p style=\"text-align: center;\"><span style=\"color: #000080; font-size: 14pt; font-family: arial, helvetica, sans-serif;\"><img decoding=\"async\" title=\"Esquina izquierda\" src=\"https:\/\/isfd22-bue.infd.edu.ar\/sitio\/wp-content\/uploads\/2018\/08\/cnt_corner_left.gif\" alt=\"Esquina izquierda\" border=\"0\" \/>Ex\u00e1menes Finales Febrero &#8211; Marzo 2021<\/span><\/p>\n<ul>\n<li><span style=\"text-decoration: underline;\"><span style=\"color: #000080;\">1\u00b0 LLAMADO<\/span>:<\/span> Del 22 de Febrero al 5 de Marzo<\/li>\n<li><span style=\"text-decoration: underline;\"><span style=\"color: #000080;\">2\u00b0 LLAMADO:<\/span><\/span> Del 8 al 19 de Marzo<\/li>\n<\/ul>\n<p><span style=\"text-decoration: underline; color: #000080;\">INSCRIPCI\u00d3N PARA AMBOS LLAMADOS<\/span>: Del 15 al 17 de Febrero a trav\u00e9s del sistema <a href=\"http:\/\/isfd22.sambaweb.com.ar\">SAMBA.<\/a><\/p>\n<p>TUTORIAL: <a href=\"https:\/\/youtu.be\/FL4vXn59kQo\">C\u00f3mo acceder y utilizar \u00a0SAMBA\u00a0<\/a><\/p>\n<p><img decoding=\"async\" style=\"display: block; margin-left: auto; margin-right: auto;\" src=\"https:\/\/isfd22-bue.infd.edu.ar\/sitio\/wp-content\/uploads\/2018\/08\/examen.jpg\" border=\"0\" \/><\/p>\n","protected":false},"excerpt":{"rendered":"<p>Ex\u00e1menes Finales Febrero &#8211; Marzo 2021 1\u00b0 LLAMADO: Del 22 de Febrero al 5 de Marzo 2\u00b0 LLAMADO: Del 8 al 19 de Marzo INSCRIPCI\u00d3N PARA AMBOS LLAMADOS: Del 15 al 17 de Febrero a trav\u00e9s del sistema SAMBA. TUTORIAL: C\u00f3mo acceder y utilizar \u00a0SAMBA\u00a0<\/p>\n","protected":false},"author":10,"featured_media":0,"parent":0,"menu_order":0,"comment_status":"closed","ping_status":"closed","template":"","meta":[],"acf":[],"_links":{"self":[{"href":"https:\/\/isfd22-bue.infd.edu.ar\/sitio\/wp-json\/wp\/v2\/pages\/990"}],"collection":[{"href":"https:\/\/isfd22-bue.infd.edu.ar\/sitio\/wp-json\/wp\/v2\/pages"}],"about":[{"href":"https:\/\/isfd22-bue.infd.edu.ar\/sitio\/wp-json\/wp\/v2\/types\/page"}],"author":[{"embeddable":true,"href":"https:\/\/isfd22-bue.infd.edu.ar\/sitio\/wp-json\/wp\/v2\/users\/10"}],"replies":[{"embeddable":true,"href":"https:\/\/isfd22-bue.infd.edu.ar\/sitio\/wp-json\/wp\/v2\/comments?post=990"}],"version-history":[{"count":9,"href":"https:\/\/isfd22-bue.infd.edu.ar\/sitio\/wp-json\/wp\/v2\/pages\/990\/revisions"}],"predecessor-version":[{"id":1475,"href":"https:\/\/isfd22-bue.infd.edu.ar\/sitio\/wp-json\/wp\/v2\/pages\/990\/revisions\/1475"}],"wp:attachment":[{"href":"https:\/\/isfd22-bue.infd.edu.ar\/sitio\/wp-json\/wp\/v2\/media?parent=990"}],"curies":[{"name":"wp","href":"https:\/\/api.w.org\/{rel}","templated":true}]}}