{"id":984,"date":"2018-08-29T19:39:20","date_gmt":"2018-08-29T22:39:20","guid":{"rendered":"https:\/\/isfd22-bue.infd.edu.ar\/sitio\/correlatividades-6\/"},"modified":"2019-11-07T14:56:02","modified_gmt":"2019-11-07T17:56:02","slug":"correlatividades-6","status":"publish","type":"page","link":"https:\/\/isfd22-bue.infd.edu.ar\/sitio\/correlatividades-6\/","title":{"rendered":"Correlatividades"},"content":{"rendered":"<p style=\"text-align: center;\"><span style=\"color: #3366ff;\"><span style=\"color: #003366;\">\u00a0Profesorado de Lengua y Literatura<\/span><\/span><\/p>\n<p><strong>R\u00e9gimen de Correlatividades<\/strong><\/p>\n<p>Seg\u00fan la Resoluci\u00f3n 4043\/09:<\/p>\n<ul>\n<li>\n<div>Cuando una unidad curricular sea aprobada por el CAI con cursada promocional, el estudiante podr\u00e1 cursarla a\u00fan cuando adeude el examen final de las unidades curriculares correlativas. En caso de aprobaci\u00f3n por promoci\u00f3n, su situaci\u00f3n administrativa se regularizar\u00e1 cuando rinda los ex\u00e1menes finales pendientes. En caso de pasar a la instancia de examen final, no podr\u00e1 rendirlo hasta tanto no cierre con la instancia de finales adeudados.<\/div>\n<\/li>\n<li>\n<div>Para todos los casos de r\u00e9gimen de correlatividades se establece: cursada por cursada, final por final, incluyendo el Espacio de la Pr\u00e1ctica Docente.<\/div>\n<div><\/div>\n<\/li>\n<\/ul>\n<table>\n<tbody>\n<tr>\n<td colspan=\"2\" width=\"599\"><strong>SEGUNDO A\u00d1O<\/strong><\/td>\n<\/tr>\n<tr>\n<td width=\"299\"><strong>UNIDAD CURRICULAR<\/strong><\/td>\n<td width=\"299\"><strong>REQUISITOS\u00a0 PARA\u00a0 CURSAR<\/strong><\/td>\n<\/tr>\n<tr>\n<td rowspan=\"2\" width=\"299\">Ense\u00f1ar con tecnolog\u00edas<\/td>\n<td width=\"299\">\u00b7\u00a0\u00a0\u00a0\u00a0\u00a0\u00a0\u00a0\u00a0 Pedagog\u00eda<\/td>\n<\/tr>\n<tr>\n<td width=\"299\">\u00b7\u00a0\u00a0\u00a0\u00a0\u00a0\u00a0\u00a0\u00a0 Did\u00e1ctica\u00a0 General<\/td>\n<\/tr>\n<tr>\n<td width=\"299\">Teor\u00eda Literaria II<\/td>\n<td width=\"299\">\u00b7\u00a0\u00a0\u00a0\u00a0\u00a0\u00a0\u00a0\u00a0 Teor\u00eda Literaria I<\/td>\n<\/tr>\n<tr>\n<td width=\"299\">Semi\u00f3tica<\/td>\n<td width=\"299\">\u00b7\u00a0\u00a0\u00a0\u00a0\u00a0\u00a0\u00a0\u00a0 Ling\u00fc\u00edstica y gram\u00e1tica I<\/td>\n<\/tr>\n<tr>\n<td width=\"299\">Did\u00e1ctica de la Lengua y la Literatura I: Did\u00e1ctica y Curr\u00edculum<\/td>\n<td width=\"299\">\u00b7\u00a0\u00a0\u00a0\u00a0\u00a0\u00a0\u00a0\u00a0 Did\u00e1ctica y Curr\u00edculum<\/td>\n<\/tr>\n<tr>\n<td width=\"299\">Ling\u00fc\u00edstica y Gram\u00e1tica II<\/td>\n<td width=\"299\">\u00b7\u00a0\u00a0\u00a0\u00a0\u00a0\u00a0\u00a0\u00a0 Ling\u00fc\u00edstica y gram\u00e1tica I<\/td>\n<\/tr>\n<tr>\n<td width=\"299\">Historia Social y Cultural de la Literatura II<\/td>\n<td width=\"299\">\u00b7\u00a0\u00a0\u00a0\u00a0\u00a0\u00a0\u00a0\u00a0 Historia Social y Cultural de la Literatura I<\/td>\n<\/tr>\n<tr>\n<td width=\"299\">CFPP II<\/p>\n<p>La construcci\u00f3n del Trabajo Docente en la Escuela Secundaria<\/td>\n<td width=\"299\">\u00b7\u00a0\u00a0\u00a0\u00a0\u00a0\u00a0\u00a0\u00a0 CFPP I<\/p>\n<p>El Trabajo Docente: Complejidades y entramados<\/td>\n<\/tr>\n<\/tbody>\n<\/table>\n<p>&nbsp;<\/p>\n<table>\n<tbody>\n<tr>\n<td colspan=\"2\" width=\"599\"><strong>TERCER A\u00d1O<\/strong><\/td>\n<\/tr>\n<tr>\n<td rowspan=\"3\" width=\"299\">Educaci\u00f3n para la Diversidad<\/td>\n<td width=\"299\">\u00b7\u00a0\u00a0\u00a0\u00a0\u00a0\u00a0\u00a0\u00a0 Pedagog\u00eda<\/td>\n<\/tr>\n<tr>\n<td width=\"299\">\u00b7\u00a0\u00a0\u00a0\u00a0\u00a0\u00a0\u00a0\u00a0 Did\u00e1ctica General<\/td>\n<\/tr>\n<tr>\n<td width=\"299\">\u00b7\u00a0\u00a0\u00a0\u00a0\u00a0\u00a0\u00a0\u00a0 Perspectivas acerca de los sujetos de la Educaci\u00f3n<\/td>\n<\/tr>\n<tr>\n<td rowspan=\"3\" width=\"299\">La Evaluaci\u00f3n de los Aprendizajes<\/td>\n<td width=\"299\">\u00b7\u00a0\u00a0\u00a0\u00a0\u00a0\u00a0\u00a0\u00a0 Pedagog\u00eda<\/td>\n<\/tr>\n<tr>\n<td width=\"299\">\u00b7\u00a0\u00a0\u00a0\u00a0\u00a0\u00a0\u00a0\u00a0 Did\u00e1ctica General<\/td>\n<\/tr>\n<tr>\n<td width=\"299\">\u00b7\u00a0\u00a0\u00a0\u00a0\u00a0\u00a0\u00a0\u00a0 Perspectivas acerca de los sujetos de la Educaci\u00f3n<\/td>\n<\/tr>\n<tr>\n<td rowspan=\"2\" width=\"299\">Filosof\u00eda y Educaci\u00f3n<\/td>\n<td width=\"299\">\u00b7\u00a0\u00a0\u00a0\u00a0\u00a0\u00a0\u00a0\u00a0 Pedagog\u00eda<\/td>\n<\/tr>\n<tr>\n<td width=\"299\">\u00b7\u00a0\u00a0\u00a0\u00a0\u00a0\u00a0\u00a0\u00a0 Did\u00e1ctica General<\/td>\n<\/tr>\n<tr>\n<td width=\"299\">Psicoling\u00fc\u00edstica<\/td>\n<td width=\"299\">\u00b7\u00a0\u00a0\u00a0\u00a0\u00a0\u00a0\u00a0\u00a0 Ling\u00fc\u00edstica y Gram\u00e1tica II<\/td>\n<\/tr>\n<tr>\n<td width=\"299\">Teor\u00eda Literaria III<\/td>\n<td width=\"299\">\u00b7\u00a0\u00a0\u00a0\u00a0\u00a0\u00a0\u00a0\u00a0 Teor\u00eda Literaria II<\/td>\n<\/tr>\n<tr>\n<td width=\"299\">Did\u00e1ctica de la Lengua y la Literatura II<\/td>\n<td width=\"299\">\u00b7\u00a0\u00a0\u00a0\u00a0\u00a0\u00a0\u00a0\u00a0 Did\u00e1ctica de la Lengua y la Literatura I<\/td>\n<\/tr>\n<tr>\n<td width=\"299\">Ling\u00fc\u00edstica y Gram\u00e1tica III<\/td>\n<td width=\"299\">\u00b7\u00a0\u00a0\u00a0\u00a0\u00a0\u00a0\u00a0\u00a0 Ling\u00fc\u00edstica y Gram\u00e1tica II<\/td>\n<\/tr>\n<tr>\n<td width=\"299\">Literatura Espa\u00f1ola y Literatura Latinoamericana<\/td>\n<td width=\"299\">\u00b7\u00a0\u00a0\u00a0\u00a0\u00a0\u00a0\u00a0\u00a0 Did\u00e1ctica de la Lengua y la Literatura II<\/td>\n<\/tr>\n<tr>\n<td width=\"299\">CFPP III<\/p>\n<p>La Construcci\u00f3n de la Tarea Docente Espec\u00edfica en la Ense\u00f1anza del Nivel<\/td>\n<td width=\"299\">\u00b7\u00a0\u00a0\u00a0\u00a0\u00a0\u00a0\u00a0\u00a0 CFPP II<\/p>\n<p>La construcci\u00f3n del Trabajo Docente en la Escuela Secundaria<\/td>\n<\/tr>\n<\/tbody>\n<\/table>\n<p>&nbsp;<\/p>\n<p>&nbsp;<\/p>\n<table>\n<tbody>\n<tr>\n<td colspan=\"2\" width=\"599\"><strong>CUARTO A\u00d1O<\/strong><\/td>\n<\/tr>\n<tr>\n<td width=\"299\">An\u00e1lisis e Intervenci\u00f3n en Situaciones de Convivencia Escolar<\/td>\n<td width=\"299\">\u00b7\u00a0\u00a0\u00a0\u00a0\u00a0\u00a0\u00a0\u00a0 Educaci\u00f3n para la Diversidad<\/td>\n<\/tr>\n<tr>\n<td width=\"299\">Opcional Ingl\u00e9s 2<\/td>\n<td width=\"299\">\u00b7\u00a0\u00a0\u00a0\u00a0\u00a0\u00a0\u00a0\u00a0 Ingles I<\/td>\n<\/tr>\n<tr>\n<td rowspan=\"2\" width=\"299\">Socioling\u00fc\u00edstica<\/td>\n<td width=\"299\">\u00b7\u00a0\u00a0\u00a0\u00a0\u00a0\u00a0\u00a0\u00a0 Psicoling\u00fc\u00edstica<\/td>\n<\/tr>\n<tr>\n<td width=\"299\">\u00b7\u00a0\u00a0\u00a0\u00a0\u00a0\u00a0\u00a0\u00a0 Ling\u00fc\u00edstica y Gram\u00e1tica III<\/td>\n<\/tr>\n<tr>\n<td width=\"299\">Did\u00e1ctica de la Lengua y la Literatura III<\/td>\n<td width=\"299\">\u00b7\u00a0\u00a0\u00a0\u00a0\u00a0\u00a0\u00a0\u00a0 Did\u00e1ctica de la Lengua y la Literatura II<\/td>\n<\/tr>\n<tr>\n<td width=\"299\">Ling\u00fc\u00edstica y Gram\u00e1tica IV<\/td>\n<td width=\"299\">\u00b7\u00a0\u00a0\u00a0\u00a0\u00a0\u00a0\u00a0\u00a0 Ling\u00fc\u00edstica y Gram\u00e1tica III<\/td>\n<\/tr>\n<tr>\n<td width=\"299\">Literatura Argentina<\/td>\n<td width=\"299\">\u00b7\u00a0\u00a0\u00a0\u00a0\u00a0\u00a0\u00a0\u00a0 Literatura Espa\u00f1ola y Literatura Latinoamericana<\/td>\n<\/tr>\n<tr>\n<td width=\"299\">CFPP IV<\/p>\n<p>La reflexi\u00f3n sobre la Tarea Docente<\/td>\n<td width=\"299\">\u00b7\u00a0\u00a0\u00a0\u00a0\u00a0\u00a0\u00a0\u00a0 CFPP III<\/p>\n<p>La Construcci\u00f3n de la Tarea Docente Espec\u00edfica en la Ense\u00f1anza del Nivel<\/td>\n<\/tr>\n<\/tbody>\n<\/table>\n<p>&nbsp;<\/p>\n","protected":false},"excerpt":{"rendered":"<p>\u00a0Profesorado de Lengua y Literatura R\u00e9gimen de Correlatividades Seg\u00fan la Resoluci\u00f3n 4043\/09: Cuando una unidad curricular sea aprobada por el CAI con cursada promocional, el estudiante podr\u00e1 cursarla a\u00fan cuando adeude el examen final de las unidades curriculares correlativas. En caso de aprobaci\u00f3n por promoci\u00f3n, su situaci\u00f3n administrativa se regularizar\u00e1 cuando rinda los ex\u00e1menes finales &#8230; <a title=\"Correlatividades\" class=\"read-more\" href=\"https:\/\/isfd22-bue.infd.edu.ar\/sitio\/correlatividades-6\/\" aria-label=\"More on Correlatividades\">[+]<\/a><\/p>\n","protected":false},"author":10,"featured_media":0,"parent":0,"menu_order":0,"comment_status":"closed","ping_status":"closed","template":"","meta":[],"acf":[],"_links":{"self":[{"href":"https:\/\/isfd22-bue.infd.edu.ar\/sitio\/wp-json\/wp\/v2\/pages\/984"}],"collection":[{"href":"https:\/\/isfd22-bue.infd.edu.ar\/sitio\/wp-json\/wp\/v2\/pages"}],"about":[{"href":"https:\/\/isfd22-bue.infd.edu.ar\/sitio\/wp-json\/wp\/v2\/types\/page"}],"author":[{"embeddable":true,"href":"https:\/\/isfd22-bue.infd.edu.ar\/sitio\/wp-json\/wp\/v2\/users\/10"}],"replies":[{"embeddable":true,"href":"https:\/\/isfd22-bue.infd.edu.ar\/sitio\/wp-json\/wp\/v2\/comments?post=984"}],"version-history":[{"count":6,"href":"https:\/\/isfd22-bue.infd.edu.ar\/sitio\/wp-json\/wp\/v2\/pages\/984\/revisions"}],"predecessor-version":[{"id":1316,"href":"https:\/\/isfd22-bue.infd.edu.ar\/sitio\/wp-json\/wp\/v2\/pages\/984\/revisions\/1316"}],"wp:attachment":[{"href":"https:\/\/isfd22-bue.infd.edu.ar\/sitio\/wp-json\/wp\/v2\/media?parent=984"}],"curies":[{"name":"wp","href":"https:\/\/api.w.org\/{rel}","templated":true}]}}