{"id":980,"date":"2018-08-29T19:39:19","date_gmt":"2018-08-29T22:39:19","guid":{"rendered":"https:\/\/isfd22-bue.infd.edu.ar\/sitio\/docentes-3\/"},"modified":"2021-04-07T20:48:55","modified_gmt":"2021-04-07T23:48:55","slug":"docentes-3","status":"publish","type":"page","link":"https:\/\/isfd22-bue.infd.edu.ar\/sitio\/docentes-3\/","title":{"rendered":"Plan de Estudios"},"content":{"rendered":"<h5><u>Primer a\u00f1o<\/u><\/h5>\n<ul>\n<li>Perspectiva Filos\u00f3fico-Pedag\u00f3gica I<\/li>\n<li>Perspectiva Pedag\u00f3gico-Did\u00e1ctica I<\/li>\n<li>Perspectiva Socio-Pol\u00edtica<\/li>\n<li>Psicolog\u00eda y Cultura en la Educaci\u00f3n<\/li>\n<li>Espacio de la Pr\u00e1ctica Docente I<\/li>\n<li>F\u00edsica y Elementos de Astronom\u00eda, y Laboratorio I<\/li>\n<li>Qu\u00edmica y Laboratorio I<\/li>\n<li>Biolog\u00eda y Laboratorio I<\/li>\n<li>Matem\u00e1tica Instrumental I<\/li>\n<li>Integraci\u00f3n Areal I<\/li>\n<\/ul>\n<h5><u>Segundo a\u00f1o<\/u><\/h5>\n<ul>\n<li>Perspectiva Filos\u00f3fico Pedag\u00f3gica II<\/li>\n<li>Perspectiva Pedag\u00f3gico Did\u00e1ctica II<\/li>\n<li>Espacio de la Pr\u00e1ctica Docente II<\/li>\n<li>Psicolog\u00eda y Cultura\u00a0 del Alumno de EGB 3 y<br \/>\nPolimodal<\/li>\n<li>F\u00edsica y Elementos de Astronom\u00eda, y Laboratorio II<\/li>\n<li>Qu\u00edmica y Laboratorio II<\/li>\n<li>Biolog\u00eda y Laboratorio II<\/li>\n<li>Ciencias de la Tierra<\/li>\n<li>Matem\u00e1tica Instrumental II e Inform\u00e1tica Aplicada<\/li>\n<li>Integraci\u00f3n Areal II<\/li>\n<\/ul>\n<h5><u>T<\/u><u>ercero a\u00f1o<\/u><\/h5>\n<ul>\n<li>Perspectiva Filos\u00f3fico-Pedag\u00f3gico-Did\u00e1ctica<\/li>\n<li>Perspectiva Pol\u00edtico-Institucional<\/li>\n<li>Espacio de la Pr\u00e1ctica Docente III<\/li>\n<li>Biolog\u00eda\u00a0Celular y\u00a0Molecular<\/li>\n<li>Biolog\u00eda de los\u00a0Organismos\u00a0Celulares y Plantas<\/li>\n<li>Biolog\u00eda de los Animales<\/li>\n<li>Biolog\u00eda\u00a0Humana<\/li>\n<li>Ciencias\u00a0Naturales y su\u00a0Ense\u00f1anza<\/li>\n<li>F\u00edsica\u00a0Biol\u00f3gica y Laboratorio<\/li>\n<li>Qu\u00edmica y\u00a0Biolog\u00eda. Laboratorio<\/li>\n<li>EDI<\/li>\n<\/ul>\n<h5><u>Cuarto <\/u><u>a\u00f1o<\/u><\/h5>\n<ul>\n<li>Biolog\u00eda del\u00a0Desarrollo Animal<\/li>\n<li>Ecolog\u00eda<\/li>\n<li>Evoluci\u00f3n<\/li>\n<li>Gen\u00e9tica Molecular<\/li>\n<li>Anatom\u00eda Comparada<\/li>\n<li>Biolog\u00eda y su Ense\u00f1anza<\/li>\n<li>Antropolog\u00eda<\/li>\n<li>Matem\u00e1tica para F\u00edsicos y sus\u00a0\u00a0Aplicaciones<\/li>\n<li>Espacio de la Pr\u00e1ctica Docente IV<\/li>\n<\/ul>\n","protected":false},"excerpt":{"rendered":"<p>Primer a\u00f1o Perspectiva Filos\u00f3fico-Pedag\u00f3gica I Perspectiva Pedag\u00f3gico-Did\u00e1ctica I Perspectiva Socio-Pol\u00edtica Psicolog\u00eda y Cultura en la Educaci\u00f3n Espacio de la Pr\u00e1ctica Docente I F\u00edsica y Elementos de Astronom\u00eda, y Laboratorio I Qu\u00edmica y Laboratorio I Biolog\u00eda y Laboratorio I Matem\u00e1tica Instrumental I Integraci\u00f3n Areal I Segundo a\u00f1o Perspectiva Filos\u00f3fico Pedag\u00f3gica II Perspectiva Pedag\u00f3gico Did\u00e1ctica II Espacio &#8230; <a title=\"Plan de Estudios\" class=\"read-more\" href=\"https:\/\/isfd22-bue.infd.edu.ar\/sitio\/docentes-3\/\" aria-label=\"More on Plan de Estudios\">[+]<\/a><\/p>\n","protected":false},"author":10,"featured_media":0,"parent":0,"menu_order":0,"comment_status":"closed","ping_status":"closed","template":"","meta":[],"acf":[],"_links":{"self":[{"href":"https:\/\/isfd22-bue.infd.edu.ar\/sitio\/wp-json\/wp\/v2\/pages\/980"}],"collection":[{"href":"https:\/\/isfd22-bue.infd.edu.ar\/sitio\/wp-json\/wp\/v2\/pages"}],"about":[{"href":"https:\/\/isfd22-bue.infd.edu.ar\/sitio\/wp-json\/wp\/v2\/types\/page"}],"author":[{"embeddable":true,"href":"https:\/\/isfd22-bue.infd.edu.ar\/sitio\/wp-json\/wp\/v2\/users\/10"}],"replies":[{"embeddable":true,"href":"https:\/\/isfd22-bue.infd.edu.ar\/sitio\/wp-json\/wp\/v2\/comments?post=980"}],"version-history":[{"count":6,"href":"https:\/\/isfd22-bue.infd.edu.ar\/sitio\/wp-json\/wp\/v2\/pages\/980\/revisions"}],"predecessor-version":[{"id":1488,"href":"https:\/\/isfd22-bue.infd.edu.ar\/sitio\/wp-json\/wp\/v2\/pages\/980\/revisions\/1488"}],"wp:attachment":[{"href":"https:\/\/isfd22-bue.infd.edu.ar\/sitio\/wp-json\/wp\/v2\/media?parent=980"}],"curies":[{"name":"wp","href":"https:\/\/api.w.org\/{rel}","templated":true}]}}