{"id":969,"date":"2018-08-29T19:39:14","date_gmt":"2018-08-29T22:39:14","guid":{"rendered":"https:\/\/isfd22-bue.infd.edu.ar\/sitio\/correlatividades-5\/"},"modified":"2022-08-31T20:03:16","modified_gmt":"2022-08-31T23:03:16","slug":"correlatividades-5","status":"publish","type":"page","link":"https:\/\/isfd22-bue.infd.edu.ar\/sitio\/correlatividades-5\/","title":{"rendered":"Correlatividades"},"content":{"rendered":"<p>Seg\u00fan la Resoluci\u00f3n 4043\/09:<\/p>\n<ul>\n<li>\n<div>Cuando una unidad curricular sea aprobada por el CAI con cursada promocional, el estudiante podr\u00e1 cursarla a\u00fan cuando adeude el examen final de las unidades curriculares correlativas. En caso de aprobaci\u00f3n por promoci\u00f3n, su situaci\u00f3n administrativa se regularizar\u00e1 cuando rinda los ex\u00e1menes finales pendientes. En caso de pasar a la instancia de examen final, no podr\u00e1 rendirlo hasta tanto no cierre con la instnacia de finales adeudados.<\/div>\n<\/li>\n<li>\n<div>\n<p>Para todos los casos de r\u00e9gimen de correlatividades se establece: cursada por cursada, final por final, incluyendo el Espacio de la Pr\u00e1ctica Docente.<\/p>\n<div><\/div>\n<div>\n<p style=\"text-align: center;\"><strong>R\u00e9gimen de correlatividades\u00a0<\/strong><\/p>\n<table>\n<tbody>\n<tr>\n<td colspan=\"2\" width=\"566\">\n<p style=\"text-align: center;\"><strong>SEGUNDO A\u00d1O<\/strong><\/p>\n<\/td>\n<\/tr>\n<tr>\n<td width=\"283\"><strong>Ense\u00f1ar con Tecnolog\u00edas<\/strong><\/td>\n<td width=\"283\">\n<ul>\n<li>Pedagog\u00eda<\/li>\n<li>Did\u00e1ctica<\/li>\n<\/ul>\n<\/td>\n<\/tr>\n<tr>\n<td width=\"283\"><strong>Pr\u00e1cticas discursivas de la comunicaci\u00f3n oral II<\/strong><\/td>\n<td width=\"283\">\n<ul>\n<li>Pr\u00e1cticas discursivas de la comunicaci\u00f3n oral I<\/li>\n<\/ul>\n<\/td>\n<\/tr>\n<tr>\n<td width=\"283\"><strong>Pr\u00e1cticas discursivas de la Comunicaci\u00f3n escrita II<\/strong><\/td>\n<td width=\"283\">\n<ul>\n<li>Pr\u00e1cticas discursivas de la<\/li>\n<li>Comunicaci\u00f3n escrita I<\/li>\n<\/ul>\n<\/td>\n<\/tr>\n<tr>\n<td width=\"283\"><strong>Fundamentos de la ense\u00f1anza y Aprendizaje del ingl\u00e9s I<\/strong><\/td>\n<td width=\"283\">\n<ul>\n<li>Did\u00e1ctica<\/li>\n<\/ul>\n<\/td>\n<\/tr>\n<tr>\n<td width=\"283\"><strong>Taller: literatura infantil y su Did\u00e1ctica.<\/strong><\/td>\n<td width=\"283\">\n<ul>\n<li>Interculturalidad desde la lengua inglesa I<\/li>\n<\/ul>\n<\/td>\n<\/tr>\n<tr>\n<td width=\"283\"><strong>Interculturalidad desde la<\/strong><\/p>\n<p><strong>Lengua inglesa II<\/strong><\/td>\n<td width=\"283\">\n<ul>\n<li>Interculturalidad desde la lengua inglesa I<\/li>\n<\/ul>\n<\/td>\n<\/tr>\n<tr>\n<td width=\"283\"><strong>Campo de la Formaci\u00f3n en la Pr\u00e1ctica Profesional II<\/strong><\/td>\n<td width=\"283\">\n<ul>\n<li>Campo de la Formaci\u00f3n en la Pr\u00e1ctica Profesional I<\/li>\n<\/ul>\n<\/td>\n<\/tr>\n<tr>\n<td colspan=\"2\" width=\"566\">\n<p style=\"text-align: center;\"><strong>TERCER A\u00d1O<\/strong><\/p>\n<\/td>\n<\/tr>\n<tr>\n<td width=\"283\"><strong>Educaci\u00f3n para la diversidad<\/strong><\/td>\n<td width=\"283\">\n<ul>\n<li>Pedagog\u00eda<\/li>\n<li>Did\u00e1ctica<\/li>\n<li>Perspectivas acerca de los sujetos de la<\/li>\n<li>Educaci\u00f3n<\/li>\n<\/ul>\n<\/td>\n<\/tr>\n<tr>\n<td width=\"283\"><strong>La Evaluaci\u00f3n de los Aprendizajes<\/strong><\/td>\n<td width=\"283\">\n<ul>\n<li>Pedagog\u00eda<\/li>\n<li>Did\u00e1ctica<\/li>\n<li>Perspectivas acerca de los sujetos de la<\/li>\n<li>Educaci\u00f3n<\/li>\n<\/ul>\n<\/td>\n<\/tr>\n<tr>\n<td width=\"283\"><strong>Filosof\u00eda y Educaci\u00f3n<\/strong><\/td>\n<td width=\"283\">\n<ul>\n<li>Pedagog\u00eda<\/li>\n<li>Did\u00e1ctica<\/li>\n<\/ul>\n<\/td>\n<\/tr>\n<tr>\n<td width=\"283\"><strong>Pr\u00e1cticas discursivas de la comunicaci\u00f3n oral III<\/strong><\/td>\n<td width=\"283\">\n<ul>\n<li>Pr\u00e1cticas discursivas de la comunicaci\u00f3n oral II<\/li>\n<\/ul>\n<\/td>\n<\/tr>\n<tr>\n<td width=\"283\"><strong>Pr\u00e1cticas discursivas de la Comunicaci\u00f3n escrita III<\/strong><\/td>\n<td width=\"283\">\n<ul>\n<li>Pr\u00e1cticas discursivas de la Comunicaci\u00f3n escrita II<\/li>\n<\/ul>\n<\/td>\n<\/tr>\n<tr>\n<td width=\"283\"><strong>Fundamentos de la ense\u00f1anza y Aprendizaje del ingl\u00e9s I<\/strong>I<\/td>\n<td width=\"283\">\n<ul>\n<li>Fundamentos de la ense\u00f1anza y Aprendizaje del ingl\u00e9s I<\/li>\n<\/ul>\n<\/td>\n<\/tr>\n<tr>\n<td width=\"283\"><strong>Taller: literatura juvenil y su Did\u00e1ctica.<\/strong><\/td>\n<td width=\"283\">\n<ul>\n<li>Taller: literatura infantil y su Did\u00e1ctica<\/li>\n<\/ul>\n<\/td>\n<\/tr>\n<tr>\n<td width=\"283\"><strong>Interculturalidad desde la Lengua inglesa III<\/strong><\/td>\n<td width=\"283\">\n<ul>\n<li>Interculturalidad desde la<\/li>\n<li>Lengua inglesa II<\/li>\n<\/ul>\n<\/td>\n<\/tr>\n<tr>\n<td width=\"283\"><strong>Campo de la Formaci\u00f3n en la Pr\u00e1ctica Profesional III<\/strong><\/td>\n<td width=\"283\">\n<ul>\n<li>Campo de la Formaci\u00f3n en la Pr\u00e1ctica Profesional II<\/li>\n<li>Fundamentos de la ense\u00f1anza y Aprendizaje del ingl\u00e9s I<\/li>\n<\/ul>\n<\/td>\n<\/tr>\n<tr>\n<td colspan=\"2\" width=\"566\">\n<p style=\"text-align: center;\"><strong>CUARTO A\u00d1O<\/strong><\/p>\n<\/td>\n<\/tr>\n<tr>\n<td width=\"283\"><strong>An\u00e1lisis e intervenci\u00f3n en situaciones de convivencia escolar<\/strong><\/td>\n<td width=\"283\">\n<ul>\n<li>Educaci\u00f3n para la diversidad<\/li>\n<\/ul>\n<\/td>\n<\/tr>\n<tr>\n<td width=\"283\"><strong>EDI<\/strong><\/td>\n<td width=\"283\">\n<ul>\n<li>Educaci\u00f3n para la diversidad<\/li>\n<li>Pedagog\u00eda<\/li>\n<li>Did\u00e1ctica<\/li>\n<\/ul>\n<\/td>\n<\/tr>\n<tr>\n<td width=\"283\"><strong>Pr\u00e1cticas discursivas de la comunicaci\u00f3n oral IV<\/strong><\/td>\n<td width=\"283\">\n<ul>\n<li>Pr\u00e1cticas discursivas de la comunicaci\u00f3n oral III<\/li>\n<\/ul>\n<\/td>\n<\/tr>\n<tr>\n<td width=\"283\"><strong>Pr\u00e1cticas discursivas de la Comunicaci\u00f3n escrita IV<\/strong><\/td>\n<td width=\"283\">\n<ul>\n<li>Pr\u00e1cticas discursivas de la Comunicaci\u00f3n escrita III<\/li>\n<\/ul>\n<\/td>\n<\/tr>\n<tr>\n<td width=\"283\"><strong>Fundamentos de la ense\u00f1anza y Aprendizaje del ingl\u00e9s III<\/strong><\/td>\n<td width=\"283\">\n<ul>\n<li>Fundamentos de la ense\u00f1anza y Aprendizaje del ingl\u00e9s II<\/li>\n<\/ul>\n<\/td>\n<\/tr>\n<tr>\n<td width=\"283\"><strong>Interculturalidad desde la Lengua inglesa IV<\/strong><\/td>\n<td width=\"283\">\n<ul>\n<li>Interculturalidad desde la Lengua inglesa III<\/li>\n<\/ul>\n<\/td>\n<\/tr>\n<tr>\n<td width=\"283\"><strong>Campo de la Formaci\u00f3n en la Pr\u00e1ctica Profesional IV<\/strong><\/td>\n<td width=\"283\">\n<ul>\n<li>Campo de la Formaci\u00f3n en la Pr\u00e1ctica Profesional III<\/li>\n<li>Fundamentos de la ense\u00f1anza y Aprendizaje del ingl\u00e9s II<\/li>\n<\/ul>\n<\/td>\n<\/tr>\n<\/tbody>\n<\/table>\n<hr style=\"height: 1px;\" size=\"1\" \/>\n<\/div>\n<\/div>\n<\/li>\n<\/ul>\n","protected":false},"excerpt":{"rendered":"<p>Seg\u00fan la Resoluci\u00f3n 4043\/09: Cuando una unidad curricular sea aprobada por el CAI con cursada promocional, el estudiante podr\u00e1 cursarla a\u00fan cuando adeude el examen final de las unidades curriculares correlativas. En caso de aprobaci\u00f3n por promoci\u00f3n, su situaci\u00f3n administrativa se regularizar\u00e1 cuando rinda los ex\u00e1menes finales pendientes. En caso de pasar a la instancia &#8230; <a title=\"Correlatividades\" class=\"read-more\" href=\"https:\/\/isfd22-bue.infd.edu.ar\/sitio\/correlatividades-5\/\" aria-label=\"More on Correlatividades\">[+]<\/a><\/p>\n","protected":false},"author":10,"featured_media":0,"parent":0,"menu_order":0,"comment_status":"closed","ping_status":"closed","template":"","meta":[],"acf":[],"_links":{"self":[{"href":"https:\/\/isfd22-bue.infd.edu.ar\/sitio\/wp-json\/wp\/v2\/pages\/969"}],"collection":[{"href":"https:\/\/isfd22-bue.infd.edu.ar\/sitio\/wp-json\/wp\/v2\/pages"}],"about":[{"href":"https:\/\/isfd22-bue.infd.edu.ar\/sitio\/wp-json\/wp\/v2\/types\/page"}],"author":[{"embeddable":true,"href":"https:\/\/isfd22-bue.infd.edu.ar\/sitio\/wp-json\/wp\/v2\/users\/10"}],"replies":[{"embeddable":true,"href":"https:\/\/isfd22-bue.infd.edu.ar\/sitio\/wp-json\/wp\/v2\/comments?post=969"}],"version-history":[{"count":4,"href":"https:\/\/isfd22-bue.infd.edu.ar\/sitio\/wp-json\/wp\/v2\/pages\/969\/revisions"}],"predecessor-version":[{"id":1607,"href":"https:\/\/isfd22-bue.infd.edu.ar\/sitio\/wp-json\/wp\/v2\/pages\/969\/revisions\/1607"}],"wp:attachment":[{"href":"https:\/\/isfd22-bue.infd.edu.ar\/sitio\/wp-json\/wp\/v2\/media?parent=969"}],"curies":[{"name":"wp","href":"https:\/\/api.w.org\/{rel}","templated":true}]}}