{"id":951,"date":"2018-08-29T19:39:08","date_gmt":"2018-08-29T22:39:08","guid":{"rendered":"https:\/\/isfd22-bue.infd.edu.ar\/sitio\/correlatividades-4\/"},"modified":"2019-10-22T08:12:55","modified_gmt":"2019-10-22T11:12:55","slug":"correlatividades-4","status":"publish","type":"page","link":"https:\/\/isfd22-bue.infd.edu.ar\/sitio\/correlatividades-4\/","title":{"rendered":"Correlatividades"},"content":{"rendered":"<p style=\"text-align: left;\"><span style=\"color: #000000;\">Seg\u00fan la Resoluci\u00f3n 4043\/09:<\/span><\/p>\n<ul>\n<li>\n<div style=\"text-align: left;\"><span style=\"color: #000000;\">Cuando una unidad curricular sea aprobada por el CAI con cursada promocional, el estudiante podr\u00e1 cursarla a\u00fan cuando adeude el examen final de las unidades curriculares correlativas. En caso de aprobaci\u00f3n por promoci\u00f3n, su situaci\u00f3n administrativa se regularizar\u00e1 cuando rinda los ex\u00e1menes finales pendientes. En caso de pasar a la instancia de examen final, no podr\u00e1 rendirlo hasta tanto no cierre con la instnacia de finales adeudados.<\/span><\/div>\n<\/li>\n<li>\n<div style=\"text-align: left;\"><span style=\"color: #000000;\">Para todos los casos de r\u00e9gimen de correlatividades se establece: cursada por cursada, final por final, incluyendo el Espacio de la Pr\u00e1ctica Docnete. Motivo por el cual la apertura de 3\u00b0 a\u00f1o se puede realizar con todas las unidades curriculares cursadas y aprobadas a\u00fan cuando se adeuden finales. Id\u00e9ntica situaci\u00f3n se establece para la apertura de 4\u00b0 a\u00f1o con relaci\u00f3n a segundo.<\/span><\/div>\n<\/li>\n<\/ul>\n<hr \/>\n<p style=\"text-align: center;\"><strong><span style=\"color: #000080;\">2\u00b0 A\u00f1o\u00a0<\/span><\/strong><\/p>\n<table style=\"border: #1f3865 0px solid;\" border=\"0\" cellspacing=\"0\" align=\"center\">\n<tbody>\n<tr>\n<td style=\"border: #1f3865 1px solid;\" valign=\"top\">Psicolog\u00eda del Desarrollo y el Aprendizaje II<\/td>\n<td style=\"border: #1f3865 1px solid;\" valign=\"top\">Psicolog\u00eda del Desarrollo y el Aprendizaje I<\/td>\n<\/tr>\n<tr>\n<td style=\"border: #1f3865 1px solid;\" valign=\"top\">Psicolog\u00eda Social e Institucional<\/td>\n<td style=\"border: #1f3865 1px solid;\" valign=\"top\">&#8212;&#8212;&#8212;&#8212;&#8212;&#8212;&#8212;&#8212;&#8212;&#8212;&#8212;&#8212;&#8211;<\/td>\n<\/tr>\n<tr>\n<td style=\"border: #1f3865 1px solid;\" valign=\"top\">Cultura, comunicaci\u00f3n y educaci\u00f3n<\/td>\n<td style=\"border: #1f3865 1px solid;\" valign=\"top\">&#8212;&#8212;&#8212;&#8212;&#8212;&#8212;&#8212;&#8212;&#8212;&#8212;&#8212;&#8212;&#8211;<\/td>\n<\/tr>\n<tr>\n<td style=\"border: #1f3865 1px solid;\" valign=\"top\">Educaci\u00f3n Art\u00edstica<\/td>\n<td style=\"border: #1f3865 1px solid;\" valign=\"top\">&#8212;&#8212;&#8212;&#8212;&#8212;&#8212;&#8212;&#8212;&#8212;&#8212;&#8212;&#8212;&#8211;<\/td>\n<\/tr>\n<tr>\n<td style=\"border: #1f3865 1px solid;\" valign=\"top\">Did\u00e1ctica de Pr\u00e1cticas del Lenguaje y la<br \/>\nLiteratura I<\/td>\n<td style=\"border: #1f3865 1px solid;\" valign=\"top\">&#8212;&#8212;&#8212;&#8212;&#8212;&#8212;&#8212;&#8212;&#8212;&#8212;&#8212;&#8212;&#8211;<\/td>\n<\/tr>\n<tr>\n<td style=\"border: #1f3865 1px solid;\" valign=\"top\">Did\u00e1ctica de las Ciencias Sociales I<\/td>\n<td style=\"border: #1f3865 1px solid;\" valign=\"top\">&#8212;&#8212;&#8212;&#8212;&#8212;&#8212;&#8212;&#8212;&#8212;&#8212;&#8212;&#8212;&#8211;<\/td>\n<\/tr>\n<tr>\n<td style=\"border: #1f3865 1px solid;\" valign=\"top\">Did\u00e1ctica de las Ciencias Naturales I<\/td>\n<td style=\"border: #1f3865 1px solid;\" valign=\"top\">&#8212;&#8212;&#8212;&#8212;&#8212;&#8212;&#8212;&#8212;&#8212;&#8212;&#8212;&#8212;&#8211;<\/td>\n<\/tr>\n<tr>\n<td style=\"border: #1f3865 1px solid;\" valign=\"top\">Did\u00e1ctica de la Matem\u00e1tica I<\/td>\n<td style=\"border: #1f3865 1px solid;\" valign=\"top\">&#8212;&#8212;&#8212;&#8212;&#8212;&#8212;&#8212;&#8212;&#8212;&#8212;&#8212;&#8212;&#8211;<\/td>\n<\/tr>\n<tr>\n<td style=\"border: #1f3865 1px solid;\" valign=\"top\">Teor\u00edas Sociopol\u00edticas y Educaci\u00f3n<\/td>\n<td style=\"border: #1f3865 1px solid;\" valign=\"top\">&#8212;&#8212;&#8212;&#8212;&#8212;&#8212;&#8212;&#8212;&#8212;&#8212;&#8212;&#8212;&#8211;<\/td>\n<\/tr>\n<tr>\n<td style=\"border: #1f3865 1px solid;\" valign=\"middle\">Did\u00e1ctica y Curr\u00edculum de Nivel Primario<\/td>\n<td style=\"border: #1f3865 1px solid;\" valign=\"middle\">Did\u00e1ctica General<\/td>\n<\/tr>\n<tr>\n<td style=\"border: #1f3865 1px solid;\" valign=\"top\">Campo de la Pr\u00e1ctica Docente II<\/td>\n<td style=\"border: #1f3865 1px solid;\" valign=\"top\">Campo de la Pr\u00e1ctica Docente I<\/td>\n<\/tr>\n<\/tbody>\n<\/table>\n<p style=\"text-align: center;\"><strong><span style=\"color: #000080;\">3\u00b0 A\u00f1o\u00a0<\/span><\/strong><\/p>\n<p style=\"text-align: center;\"><strong><span style=\"color: #339966;\">Para cursar 3\u00b0 a\u00f1o, el alumno\/a deber\u00e1 tener aprobadas todas las cursadas de 1\u00b0 a\u00f1o<\/span><\/strong><\/p>\n<table style=\"border: #1f3865 0px solid;\" border=\"0\" cellspacing=\"0\" align=\"center\">\n<tbody>\n<tr>\n<td style=\"border: #1f3865 1px solid;\" valign=\"top\">Configuraciones culturales del sujeto educa-<br \/>\ntivo de Primaria<\/td>\n<td style=\"border: #1f3865 1px solid;\" valign=\"top\">Psicolog\u00eda Social e Institucional<\/td>\n<\/tr>\n<tr>\n<td style=\"border: #1f3865 1px solid;\" valign=\"top\">Medios Audiovisuales, TICs y Educaci\u00f3n<\/td>\n<td style=\"border: #1f3865 1px solid;\" valign=\"top\">&#8212;&#8212;&#8212;&#8212;&#8212;&#8212;&#8212;&#8212;&#8212;&#8212;&#8212;&#8212;&#8211;<\/td>\n<\/tr>\n<tr>\n<td style=\"border: #1f3865 1px solid;\" valign=\"top\">Educaci\u00f3n F\u00edsica Escolar<\/td>\n<td style=\"border: #1f3865 1px solid;\" valign=\"top\">&#8212;&#8212;&#8212;&#8212;&#8212;&#8212;&#8212;&#8212;&#8212;&#8212;&#8212;&#8212;&#8211;<\/td>\n<\/tr>\n<tr>\n<td style=\"border: #1f3865 1px solid;\" valign=\"top\">Did\u00e1ctica de Pr\u00e1cticas del Lenguaje y la<br \/>\nLiteratura II<\/td>\n<td style=\"border: #1f3865 1px solid;\" valign=\"top\">Did\u00e1ctica de Pr\u00e1cticas del Lenguaje y la<br \/>\nLiteratura I<\/td>\n<\/tr>\n<tr>\n<td style=\"border: #1f3865 1px solid;\" valign=\"top\">Did\u00e1ctica de las Ciencias Sociales II<\/td>\n<td style=\"border: #1f3865 1px solid;\" valign=\"top\">Did\u00e1ctica de las Ciencias Sociales I<\/td>\n<\/tr>\n<tr>\n<td style=\"border: #1f3865 1px solid;\" valign=\"top\">Did\u00e1ctica de las Ciencias Naturales II<\/td>\n<td style=\"border: #1f3865 1px solid;\" valign=\"top\">Did\u00e1ctica de las Ciencias Naturales I<\/td>\n<\/tr>\n<tr>\n<td style=\"border: #1f3865 1px solid;\" valign=\"top\">Did\u00e1ctica de la Matem\u00e1tica II<\/td>\n<td style=\"border: #1f3865 1px solid;\" valign=\"top\">Did\u00e1ctica de la Matem\u00e1tica II<\/td>\n<\/tr>\n<tr>\n<td style=\"border: #1f3865 1px solid;\" valign=\"top\">Historia y Prospectiva de la Edcuaci\u00f3n<\/td>\n<td style=\"border: #1f3865 1px solid;\" valign=\"top\">&#8212;&#8212;&#8212;&#8212;&#8212;&#8212;&#8212;&#8212;&#8212;&#8212;&#8212;&#8212;&#8211;<\/td>\n<\/tr>\n<tr>\n<td style=\"border: #1f3865 1px solid;\" valign=\"middle\">Politicas, Legislaci\u00f3n y Administraci\u00f3n del<br \/>\nTrabajo Escolar<\/td>\n<td style=\"border: #1f3865 1px solid;\" valign=\"middle\">&#8212;&#8212;&#8212;&#8212;&#8212;&#8212;&#8212;&#8212;&#8212;&#8212;&#8212;&#8212;&#8211;<\/td>\n<\/tr>\n<tr>\n<td style=\"border: #1f3865 1px solid;\" valign=\"top\">Campo de la Pr\u00e1ctica Docente III<\/td>\n<td style=\"border: #1f3865 1px solid;\" valign=\"top\">Campo de la Pr\u00e1ctica Docente II<br \/>\nDid\u00e1ctica de Pr\u00e1cticas del Lenguaje y la<br \/>\nLiteratura I<br \/>\nDid\u00e1ctica de las Ciencias Sociales I<br \/>\nDid\u00e1ctica de las Ciencias Naturales I<br \/>\nDid\u00e1ctica de la Matem\u00e1tica I<br \/>\nDid\u00e1ctica y Curr\u00edculum de Nivel Primario<\/td>\n<\/tr>\n<\/tbody>\n<\/table>\n<p style=\"text-align: center;\"><strong><span style=\"color: #000080;\">4\u00b0 A\u00f1o\u00a0<\/span><\/strong><\/p>\n<p style=\"text-align: center;\"><strong><span style=\"color: #339966;\">Para cursar 4\u00b0 a\u00f1o, el alumno\/a deber\u00e1 tener aprobadas todas las cursadas de 1\u00b0y 2\u00b0\u00a0a\u00f1o<\/span><\/strong><\/p>\n<table style=\"border: #1f3865 0px solid;\" border=\"0\" cellspacing=\"0\" align=\"center\">\n<tbody>\n<tr>\n<td style=\"border: #1f3865 1px solid;\" valign=\"top\">Pedagog\u00eda Cr\u00edtica de las Diferencias<\/td>\n<td style=\"border: #1f3865 1px solid;\" valign=\"top\">&#8212;&#8212;&#8212;&#8212;&#8212;&#8212;&#8212;&#8212;&#8212;&#8212;&#8212;&#8212;&#8211;<\/td>\n<\/tr>\n<tr>\n<td style=\"border: #1f3865 1px solid;\" valign=\"top\">Ateneo de las Pr\u00e1cticas del Lenguaje y la<br \/>\nLiteratura<\/td>\n<td style=\"border: #1f3865 1px solid;\" valign=\"top\">Did\u00e1ctica de Pr\u00e1cticas del Lenguaje y la<br \/>\nLiteratura II<\/td>\n<\/tr>\n<tr>\n<td style=\"border: #1f3865 1px solid;\" valign=\"top\">Ateneo de Matem\u00e1tica<\/td>\n<td style=\"border: #1f3865 1px solid;\" valign=\"top\">Did\u00e1ctica de la Matem\u00e1tica II<\/td>\n<\/tr>\n<tr>\n<td style=\"border: #1f3865 1px solid;\" valign=\"top\">Ateneo de Ciencias Sociales<\/td>\n<td style=\"border: #1f3865 1px solid;\" valign=\"top\">Did\u00e1ctica de las Ciencias Sociales II<\/td>\n<\/tr>\n<tr>\n<td style=\"border: #1f3865 1px solid;\" valign=\"top\">Ateneo de las Ciencias Naturales<\/td>\n<td style=\"border: #1f3865 1px solid;\" valign=\"top\">Did\u00e1ctica de las Ciencias Naturales II<\/td>\n<\/tr>\n<tr>\n<td style=\"border: #1f3865 1px solid;\" valign=\"top\">Reflexi\u00f3n filoso\u00f3fica de la Educaci\u00f3n<\/td>\n<td style=\"border: #1f3865 1px solid;\" valign=\"top\">Filosof\u00eda &#8211; Pedagog\u00eda<\/td>\n<\/tr>\n<tr>\n<td style=\"border: #1f3865 1px solid;\" valign=\"top\">Dimensi\u00f3n \u00e9tico-pol\u00edtica de la praxis docente<\/td>\n<td style=\"border: #1f3865 1px solid;\" valign=\"top\">Teor\u00edas Sociopol\u00edticas y educaci\u00f3n<\/td>\n<\/tr>\n<tr>\n<td style=\"border: #1f3865 1px solid;\" valign=\"top\">Campo de la Pr\u00e1ctica Docente IV<\/td>\n<td style=\"border: #1f3865 1px solid;\" valign=\"top\">Campo de la Pr\u00e1ctica Docente III<br \/>\nDid\u00e1ctica de Pr\u00e1cticas del Lenguaje y la<br \/>\nLiteratura II<br \/>\nDid\u00e1ctica de las Ciencias Sociales II<br \/>\nDid\u00e1ctica de las Ciencias Naturales II<br \/>\nDid\u00e1ctica de la Matem\u00e1tica II<\/td>\n<\/tr>\n<\/tbody>\n<\/table>\n<p style=\"text-align: center;\"><strong><span style=\"color: #000080;\">\u00a0<\/span><\/strong><\/p>\n","protected":false},"excerpt":{"rendered":"<p>Seg\u00fan la Resoluci\u00f3n 4043\/09: Cuando una unidad curricular sea aprobada por el CAI con cursada promocional, el estudiante podr\u00e1 cursarla a\u00fan cuando adeude el examen final de las unidades curriculares correlativas. En caso de aprobaci\u00f3n por promoci\u00f3n, su situaci\u00f3n administrativa se regularizar\u00e1 cuando rinda los ex\u00e1menes finales pendientes. En caso de pasar a la instancia &#8230; <a title=\"Correlatividades\" class=\"read-more\" href=\"https:\/\/isfd22-bue.infd.edu.ar\/sitio\/correlatividades-4\/\" aria-label=\"More on Correlatividades\">[+]<\/a><\/p>\n","protected":false},"author":10,"featured_media":0,"parent":0,"menu_order":0,"comment_status":"closed","ping_status":"closed","template":"","meta":[],"acf":[],"_links":{"self":[{"href":"https:\/\/isfd22-bue.infd.edu.ar\/sitio\/wp-json\/wp\/v2\/pages\/951"}],"collection":[{"href":"https:\/\/isfd22-bue.infd.edu.ar\/sitio\/wp-json\/wp\/v2\/pages"}],"about":[{"href":"https:\/\/isfd22-bue.infd.edu.ar\/sitio\/wp-json\/wp\/v2\/types\/page"}],"author":[{"embeddable":true,"href":"https:\/\/isfd22-bue.infd.edu.ar\/sitio\/wp-json\/wp\/v2\/users\/10"}],"replies":[{"embeddable":true,"href":"https:\/\/isfd22-bue.infd.edu.ar\/sitio\/wp-json\/wp\/v2\/comments?post=951"}],"version-history":[{"count":1,"href":"https:\/\/isfd22-bue.infd.edu.ar\/sitio\/wp-json\/wp\/v2\/pages\/951\/revisions"}],"predecessor-version":[{"id":1107,"href":"https:\/\/isfd22-bue.infd.edu.ar\/sitio\/wp-json\/wp\/v2\/pages\/951\/revisions\/1107"}],"wp:attachment":[{"href":"https:\/\/isfd22-bue.infd.edu.ar\/sitio\/wp-json\/wp\/v2\/media?parent=951"}],"curies":[{"name":"wp","href":"https:\/\/api.w.org\/{rel}","templated":true}]}}