{"id":935,"date":"2018-08-29T19:39:02","date_gmt":"2018-08-29T22:39:02","guid":{"rendered":"https:\/\/isfd22-bue.infd.edu.ar\/sitio\/plan-de-estudio\/"},"modified":"2019-11-05T22:06:10","modified_gmt":"2019-11-06T01:06:10","slug":"plan-de-estudio","status":"publish","type":"page","link":"https:\/\/isfd22-bue.infd.edu.ar\/sitio\/plan-de-estudio\/","title":{"rendered":"Plan de estudio"},"content":{"rendered":"<p style=\"text-align: center;\"><span style=\"color: #000080;\">Profesorado de Educaci\u00f3n Primaria<\/span><\/p>\n<h5><span style=\"color: #000080;\">Primer A\u00f1o<\/span><\/h5>\n<ul>\n<li><span style=\"font-family: arial,helvetica,sans-serif; font-size: 10pt;\">Taller de Lectura, Escritura y Oralidad<\/span><\/li>\n<li><span style=\"font-family: arial,helvetica,sans-serif; font-size: 10pt;\">Taller de Pensamiento L\u00f3gico Matem\u00e1tica<\/span><\/li>\n<li><span style=\"font-family: arial,helvetica,sans-serif; font-size: 10pt;\">Taller de Deficici\u00f3n Instituciona<\/span><\/li>\n<li><span style=\"font-family: arial,helvetica,sans-serif; font-size: 10pt;\">Psicolog\u00eda del Desarrollo y el Aprendizaje I<\/span><\/li>\n<li><span style=\"font-family: arial,helvetica,sans-serif; font-size: 10pt;\">Corporeidad y Motricidad<\/span><\/li>\n<li><span style=\"font-family: arial,helvetica,sans-serif; font-size: 10pt;\">Arte y Educaci\u00f3n<\/span><\/li>\n<li><span style=\"font-family: arial,helvetica,sans-serif; font-size: 10pt;\">Filosof\u00eda<\/span><\/li>\n<li><span style=\"font-family: arial,helvetica,sans-serif; font-size: 10pt;\">Did\u00e1ctica General<\/span><\/li>\n<li><span style=\"font-family: arial,helvetica,sans-serif; font-size: 10pt;\">Pedagog\u00eda<\/span><\/li>\n<li><span style=\"font-family: arial,helvetica,sans-serif; font-size: 10pt;\">An\u00e1lisis del Mundo Contempor\u00e1neo<\/span><\/li>\n<li><span style=\"font-family: arial,helvetica,sans-serif; font-size: 10pt;\">Campo de la Pr\u00e1ctica Docente I<\/span><\/li>\n<\/ul>\n<h5><span style=\"color: #000080;\">Segundo A\u00f1o<\/span><\/h5>\n<ul>\n<li><span style=\"font-family: arial,helvetica,sans-serif; font-size: 10pt;\">Psicolog\u00eda del Desarrollo y el Aprendizaje II<\/span><\/li>\n<li><span style=\"font-family: arial,helvetica,sans-serif; font-size: 10pt;\">Psicolog\u00eda Social e Institucional<\/span><\/li>\n<li><span style=\"font-family: arial,helvetica,sans-serif; font-size: 10pt;\">Cultura, Comunicaci\u00f3n y Educaci\u00f3n<\/span><\/li>\n<li><span style=\"font-family: arial,helvetica,sans-serif; font-size: 10pt;\">Educaci\u00f3n Art\u00edstica<\/span><\/li>\n<li><span style=\"font-family: arial,helvetica,sans-serif; font-size: 10pt;\">Did\u00e1ctica de Pr\u00e1cticas del Lenguaje y la Literatura<\/span><\/li>\n<li><span style=\"font-family: arial,helvetica,sans-serif; font-size: 10pt;\">Did\u00e1ctica de las Ciencias Sociales<\/span><\/li>\n<li><span style=\"font-family: arial,helvetica,sans-serif; font-size: 10pt;\">Did\u00e1ctica de las Ciencias Naturales<\/span><\/li>\n<li><span style=\"font-family: arial,helvetica,sans-serif; font-size: 10pt;\">Did\u00e1ctica de la Matem\u00e1tica<\/span><\/li>\n<li><span style=\"font-family: arial,helvetica,sans-serif; font-size: 10pt;\">Teor\u00edas Sociopol\u00edticas y Educaci\u00f3n<\/span><\/li>\n<li><span style=\"font-family: arial,helvetica,sans-serif; font-size: 10pt;\">Did\u00e1ctica y Curr\u00edculum de Nivel Primario<\/span><\/li>\n<li><span style=\"font-family: arial,helvetica,sans-serif; font-size: 10pt;\">TFO: La Diversidad Atraviesa la Escuela<\/span><\/li>\n<li><span style=\"font-family: arial,helvetica,sans-serif; font-size: 10pt;\">Campo de la Pr\u00e1ctica Docente II<\/span><\/li>\n<\/ul>\n<h5><span style=\"color: #000080;\">Tercer A\u00f1o<\/span><\/h5>\n<ul>\n<li><span style=\"font-family: arial,helvetica,sans-serif; font-size: 10pt;\">Configuraciones culturales del Sujeto Educativo de Primaria<\/span><\/li>\n<li><span style=\"font-family: arial,helvetica,sans-serif; font-size: 10pt;\">Medios Audiovisuales, TICs y Educaci\u00f3n<\/span><\/li>\n<li><span style=\"font-family: arial,helvetica,sans-serif; font-size: 10pt;\">Educaci\u00f3n F\u00edsica Escolar<\/span><\/li>\n<li><span style=\"font-family: arial,helvetica,sans-serif; font-size: 10pt;\">Did\u00e1ctica de Pr\u00e1cticas del Lenguaje y la Literatura II<\/span><\/li>\n<li><span style=\"font-family: arial,helvetica,sans-serif; font-size: 10pt;\">Did\u00e1ctica de las Ciencias Sociales II<\/span><\/li>\n<li><span style=\"font-family: arial,helvetica,sans-serif; font-size: 10pt;\">Did\u00e1ctica de las Ciencias Naturales II<\/span><\/li>\n<li><span style=\"font-family: arial,helvetica,sans-serif; font-size: 10pt;\">Did\u00e1ctica de la Matem\u00e1tica II<\/span><\/li>\n<li><span style=\"font-family: arial,helvetica,sans-serif; font-size: 10pt;\">Historia y Prospectiva de la Educaci\u00f3n<\/span><\/li>\n<li><span style=\"font-family: arial,helvetica,sans-serif; font-size: 10pt;\">Pol\u00edticas, Legislaci\u00f3n y Administraci\u00f3n del Trabajo Escolar<\/span><\/li>\n<li><span style=\"font-family: arial,helvetica,sans-serif; font-size: 10pt;\">TFO: TICs y Educaci\u00f3n<\/span><\/li>\n<li><span style=\"font-family: arial,helvetica,sans-serif; font-size: 10pt;\">Campo de la Pr\u00e1ctica Docente III<\/span><\/li>\n<\/ul>\n<h5><span style=\"color: #000080;\">Cuarto A\u00f1o<\/span><\/h5>\n<ul>\n<li><span style=\"font-family: arial,helvetica,sans-serif; font-size: 10pt;\">Pedagog\u00eda Cr\u00edtica de las Diferencias<\/span><\/li>\n<li><span style=\"font-family: arial,helvetica,sans-serif; font-size: 10pt;\">Ateneo \u00a0de Pr\u00e1cticas del Lenguaje y la Literatura<\/span><\/li>\n<li><span style=\"font-family: arial,helvetica,sans-serif; font-size: 10pt;\">Ateneo\u00a0de Ciencias Sociales<\/span><\/li>\n<li><span style=\"font-family: arial,helvetica,sans-serif; font-size: 10pt;\">Ateneo de\u00a0 Ciencias Naturales<\/span><\/li>\n<li><span style=\"font-family: arial,helvetica,sans-serif; font-size: 10pt;\">Ateneo \u00a0de la Matem\u00e1tica<\/span><\/li>\n<li><span style=\"font-family: arial,helvetica,sans-serif; font-size: 10pt;\">Reflexi\u00f3n Filos\u00f3fica de la Educaci\u00f3n<\/span><\/li>\n<li><span style=\"font-family: arial,helvetica,sans-serif; font-size: 10pt;\">Dimensi\u00f3n \u00c9tico-pol\u00edtica de la Praxis Docente<\/span><\/li>\n<li><span style=\"font-family: arial,helvetica,sans-serif; font-size: 10pt;\">Campo de la Pr\u00e1ctica Docente IV<\/span><\/li>\n<\/ul>\n","protected":false},"excerpt":{"rendered":"<p>Profesorado de Educaci\u00f3n Primaria Primer A\u00f1o Taller de Lectura, Escritura y Oralidad Taller de Pensamiento L\u00f3gico Matem\u00e1tica Taller de Deficici\u00f3n Instituciona Psicolog\u00eda del Desarrollo y el Aprendizaje I Corporeidad y Motricidad Arte y Educaci\u00f3n Filosof\u00eda Did\u00e1ctica General Pedagog\u00eda An\u00e1lisis del Mundo Contempor\u00e1neo Campo de la Pr\u00e1ctica Docente I Segundo A\u00f1o Psicolog\u00eda del Desarrollo y el &#8230; <a title=\"Plan de estudio\" class=\"read-more\" href=\"https:\/\/isfd22-bue.infd.edu.ar\/sitio\/plan-de-estudio\/\" aria-label=\"More on Plan de estudio\">[+]<\/a><\/p>\n","protected":false},"author":10,"featured_media":0,"parent":0,"menu_order":0,"comment_status":"closed","ping_status":"closed","template":"","meta":[],"acf":[],"_links":{"self":[{"href":"https:\/\/isfd22-bue.infd.edu.ar\/sitio\/wp-json\/wp\/v2\/pages\/935"}],"collection":[{"href":"https:\/\/isfd22-bue.infd.edu.ar\/sitio\/wp-json\/wp\/v2\/pages"}],"about":[{"href":"https:\/\/isfd22-bue.infd.edu.ar\/sitio\/wp-json\/wp\/v2\/types\/page"}],"author":[{"embeddable":true,"href":"https:\/\/isfd22-bue.infd.edu.ar\/sitio\/wp-json\/wp\/v2\/users\/10"}],"replies":[{"embeddable":true,"href":"https:\/\/isfd22-bue.infd.edu.ar\/sitio\/wp-json\/wp\/v2\/comments?post=935"}],"version-history":[{"count":7,"href":"https:\/\/isfd22-bue.infd.edu.ar\/sitio\/wp-json\/wp\/v2\/pages\/935\/revisions"}],"predecessor-version":[{"id":1245,"href":"https:\/\/isfd22-bue.infd.edu.ar\/sitio\/wp-json\/wp\/v2\/pages\/935\/revisions\/1245"}],"wp:attachment":[{"href":"https:\/\/isfd22-bue.infd.edu.ar\/sitio\/wp-json\/wp\/v2\/media?parent=935"}],"curies":[{"name":"wp","href":"https:\/\/api.w.org\/{rel}","templated":true}]}}