{"id":933,"date":"2018-08-29T19:39:01","date_gmt":"2018-08-29T22:39:01","guid":{"rendered":"https:\/\/isfd22-bue.infd.edu.ar\/sitio\/autoridades\/"},"modified":"2024-10-01T19:08:28","modified_gmt":"2024-10-01T22:08:28","slug":"autoridades","status":"publish","type":"page","link":"https:\/\/isfd22-bue.infd.edu.ar\/sitio\/autoridades\/","title":{"rendered":"Autoridades"},"content":{"rendered":"\n<div class=\"wp-block-group is-layout-flow\"><div class=\"wp-block-group__inner-container\">\n<p>\u00a0<\/p>\n<table border=\"0\" align=\"center\">\n<tbody>\n<tr>\n<td><img decoding=\"async\" loading=\"lazy\" style=\"display: block; margin-left: auto; margin-right: auto;\" src=\"https:\/\/isfd22-bue.infd.edu.ar\/sitio\/wp-content\/uploads\/2018\/08\/director.jpg\" width=\"134\" height=\"159\" border=\"0\" \/><\/td>\n<td>\n<table border=\"0\" align=\"center\">\n<tbody>\n<tr>\n<td style=\"text-align: center;\" colspan=\"2\" valign=\"top\"><strong>Equipo Directivo<\/strong><\/td>\n<\/tr>\n<tr>\n<td>Director:<\/td>\n<td>\n<p>Juan Ignacio\u00a0Palacio<\/p>\n<\/td>\n<\/tr>\n<tr>\n<td>\n<p>Regente:<\/p>\n<\/td>\n<td>\n<p>Mar\u00eda Bel\u00e9n Fern\u00e1ndez Massara<\/p>\n<\/td>\n<\/tr>\n<tr>\n<td>Secretaria:<\/td>\n<td>\n<p>Andrea Peralta.<\/p>\n<p>\u00a0<\/p>\n<\/td>\n<\/tr>\n<\/tbody>\n<\/table>\n<\/td>\n<td>\u00a0<\/td>\n<\/tr>\n<\/tbody>\n<tbody>\n<tr>\n<td style=\"text-align: center;\" colspan=\"2\" valign=\"top\"><strong>Jefes de \u00c1rea<\/strong><\/td>\n<\/tr>\n<tr>\n<td>\u00a0<\/td>\n<td>\n<p>Viviana Murgia<\/p>\n<\/td>\n<\/tr>\n<tr>\n<td>\u00a0<\/td>\n<td>\n<p>\u00a0Ana Fuhr Stoessel<\/p>\n<\/td>\n<\/tr>\n<tr>\n<td>\u00a0<\/td>\n<td>Manuela Cos<\/td>\n<\/tr>\n<\/tbody>\n<\/table>\n<\/div><\/div>\n","protected":false},"excerpt":{"rendered":"<p>\u00a0 Equipo Directivo Director: Juan Ignacio\u00a0Palacio Regente: Mar\u00eda Bel\u00e9n Fern\u00e1ndez Massara Secretaria: Andrea Peralta. \u00a0 \u00a0 Jefes de \u00c1rea \u00a0 Viviana Murgia \u00a0 \u00a0Ana Fuhr Stoessel \u00a0 Manuela Cos<\/p>\n","protected":false},"author":10,"featured_media":0,"parent":0,"menu_order":0,"comment_status":"closed","ping_status":"closed","template":"","meta":[],"acf":[],"_links":{"self":[{"href":"https:\/\/isfd22-bue.infd.edu.ar\/sitio\/wp-json\/wp\/v2\/pages\/933"}],"collection":[{"href":"https:\/\/isfd22-bue.infd.edu.ar\/sitio\/wp-json\/wp\/v2\/pages"}],"about":[{"href":"https:\/\/isfd22-bue.infd.edu.ar\/sitio\/wp-json\/wp\/v2\/types\/page"}],"author":[{"embeddable":true,"href":"https:\/\/isfd22-bue.infd.edu.ar\/sitio\/wp-json\/wp\/v2\/users\/10"}],"replies":[{"embeddable":true,"href":"https:\/\/isfd22-bue.infd.edu.ar\/sitio\/wp-json\/wp\/v2\/comments?post=933"}],"version-history":[{"count":6,"href":"https:\/\/isfd22-bue.infd.edu.ar\/sitio\/wp-json\/wp\/v2\/pages\/933\/revisions"}],"predecessor-version":[{"id":1722,"href":"https:\/\/isfd22-bue.infd.edu.ar\/sitio\/wp-json\/wp\/v2\/pages\/933\/revisions\/1722"}],"wp:attachment":[{"href":"https:\/\/isfd22-bue.infd.edu.ar\/sitio\/wp-json\/wp\/v2\/media?parent=933"}],"curies":[{"name":"wp","href":"https:\/\/api.w.org\/{rel}","templated":true}]}}