{"id":931,"date":"2018-08-29T19:39:00","date_gmt":"2018-08-29T22:39:00","guid":{"rendered":"https:\/\/isfd22-bue.infd.edu.ar\/sitio\/cooperadora\/"},"modified":"2019-10-30T09:11:12","modified_gmt":"2019-10-30T12:11:12","slug":"cooperadora","status":"publish","type":"page","link":"https:\/\/isfd22-bue.infd.edu.ar\/sitio\/cooperadora\/","title":{"rendered":"Cooperadora"},"content":{"rendered":"<p><span lang=\"ES-AR\"><span style=\"font-size: 10pt; font-family: Arial;\">\u00a0\u00a0 La Asociaci\u00f3n Cooperadora es una entidad sin fines de lucro. Est\u00e1 integrada por personas de bien, docentes, alumnos y ex-alumnos del instituto quienes destinan parte de su tiempo para colaborar con la instituci\u00f3n.<\/span><\/span><\/p>\n<p><span lang=\"ES-AR\"><span style=\"font-size: 10pt; font-family: Arial;\">\u00a0\u00a0 La Asociaci\u00f3n Cooperadora gestiona las necesidades materiales de la Instituci\u00f3n. Con el aporte mensual de sus socios, alumnos y profesores, procura responder a todos los requerimientos. Asume la responsabilidad de comprar desde las tizas hasta las computadoras.<\/span><\/span><\/p>\n<p><span lang=\"ES-AR\"><span style=\"font-size: 10pt; font-family: Arial;\">\u00a0\u00a0 Para que la Asociaci\u00f3n Cooperadora contin\u00fae enriqueciendo la biblioteca, completando el laboratorio de Ciencias Naturales, manteniendo la sala de inform\u00e1tica, actualizando los medios audiovisuales y reponiendo los insumos cotidianos, es de suma importancia que SUS SOCIOS se COMPROMETAN CON ESTOS EMPRENDIMIENTOS\u00a0 y aporten mensualmente la cuota fijada.<\/span><\/span><\/p>\n<p><img decoding=\"async\" loading=\"lazy\" class=\"wp-image-1168 aligncenter\" src=\"https:\/\/isfd22-bue.infd.edu.ar\/sitio\/wp-content\/uploads\/2019\/10\/cooperadora.jpg\" alt=\"\" width=\"261\" height=\"204\" \/><\/p>\n<p>&nbsp;<\/p>\n<p style=\"text-align: center;\"><span lang=\"ES-AR\"><span style=\"font-size: 10pt; font-family: Arial;\">\u00a0<\/span><\/span><\/p>\n","protected":false},"excerpt":{"rendered":"<p>\u00a0\u00a0 La Asociaci\u00f3n Cooperadora es una entidad sin fines de lucro. Est\u00e1 integrada por personas de bien, docentes, alumnos y ex-alumnos del instituto quienes destinan parte de su tiempo para colaborar con la instituci\u00f3n. \u00a0\u00a0 La Asociaci\u00f3n Cooperadora gestiona las necesidades materiales de la Instituci\u00f3n. Con el aporte mensual de sus socios, alumnos y profesores, &#8230; <a title=\"Cooperadora\" class=\"read-more\" href=\"https:\/\/isfd22-bue.infd.edu.ar\/sitio\/cooperadora\/\" aria-label=\"More on Cooperadora\">[+]<\/a><\/p>\n","protected":false},"author":10,"featured_media":0,"parent":0,"menu_order":0,"comment_status":"closed","ping_status":"closed","template":"","meta":[],"acf":[],"_links":{"self":[{"href":"https:\/\/isfd22-bue.infd.edu.ar\/sitio\/wp-json\/wp\/v2\/pages\/931"}],"collection":[{"href":"https:\/\/isfd22-bue.infd.edu.ar\/sitio\/wp-json\/wp\/v2\/pages"}],"about":[{"href":"https:\/\/isfd22-bue.infd.edu.ar\/sitio\/wp-json\/wp\/v2\/types\/page"}],"author":[{"embeddable":true,"href":"https:\/\/isfd22-bue.infd.edu.ar\/sitio\/wp-json\/wp\/v2\/users\/10"}],"replies":[{"embeddable":true,"href":"https:\/\/isfd22-bue.infd.edu.ar\/sitio\/wp-json\/wp\/v2\/comments?post=931"}],"version-history":[{"count":3,"href":"https:\/\/isfd22-bue.infd.edu.ar\/sitio\/wp-json\/wp\/v2\/pages\/931\/revisions"}],"predecessor-version":[{"id":1169,"href":"https:\/\/isfd22-bue.infd.edu.ar\/sitio\/wp-json\/wp\/v2\/pages\/931\/revisions\/1169"}],"wp:attachment":[{"href":"https:\/\/isfd22-bue.infd.edu.ar\/sitio\/wp-json\/wp\/v2\/media?parent=931"}],"curies":[{"name":"wp","href":"https:\/\/api.w.org\/{rel}","templated":true}]}}