{"id":927,"date":"2018-08-29T19:38:59","date_gmt":"2018-08-29T22:38:59","guid":{"rendered":"https:\/\/isfd22-bue.infd.edu.ar\/sitio\/equivalencias\/"},"modified":"2022-03-07T16:32:07","modified_gmt":"2022-03-07T19:32:07","slug":"equivalencias","status":"publish","type":"page","link":"https:\/\/isfd22-bue.infd.edu.ar\/sitio\/equivalencias\/","title":{"rendered":"Equivalencias"},"content":{"rendered":"<p><img decoding=\"async\" title=\"Esquina izquierda\" src=\"https:\/\/isfd22-bue.infd.edu.ar\/sitio\/wp-content\/uploads\/2018\/08\/cnt_corner_left.gif\" alt=\"Esquina izquierda\" border=\"0\" \/>\u00a0<span style=\"color: #000080;\"><strong>De las equivalencias<\/strong><\/span><\/p>\n<p><span style=\"font-family: arial,helvetica,sans-serif;\">Se podr\u00e1n acreditar Unidades Curriculares mediante el r\u00e9gimen de equivalencia. Las equivalencias podr\u00e1n comprender la Unidad\u00a0 Curricular completa o una parte de la misma (equivalencia parcial). En este caso, de ser necesario, se implementar\u00e1 un trayecto de actualizaci\u00f3n de saberes<\/span><\/p>\n<p><span style=\"font-family: arial,helvetica,sans-serif;\">\u00a0Se trata de saberes acreditados en la misma instituci\u00f3n (en planes anteriores al vigente o de otras carreras) o en otras instituciones del mismo nivel. Para la solicitud de reconocimiento no podr\u00e1 exceder los seis \u00faltimos a\u00f1os desde la fecha de acreditaci\u00f3n final<\/span><\/p>\n<p><span style=\"font-family: arial,helvetica,sans-serif;\">\u00a0<\/span><\/p>\n<p><span style=\"font-family: arial,helvetica,sans-serif; color: #000080;\"><strong>1. De las condiciones para solicitar equivalencias<\/strong><\/span><\/p>\n<p><span style=\"font-family: arial,helvetica,sans-serif;\">\u00a0<\/span><span style=\"font-family: arial,helvetica,sans-serif;\">Para solicitar la acreditaci\u00f3n por equivalencia, el estudiante deber\u00e1:<\/span><\/p>\n<ul>\n<li><span style=\"font-family: arial,helvetica,sans-serif;\">Solicitar mediante nota firmada, en la Secretar\u00eda del Instituto, en el per\u00edodo correspondiente, el reconocimiento\u00a0 de equivalencias de Unidades Curriculares aprobados en la misma instituci\u00f3n o en otra instituci\u00f3n educativa de estudios superiores reconocida oficialmente.<\/span><\/li>\n<li><span style=\"font-family: arial,helvetica,sans-serif;\">Acompa\u00f1ar la solicitud con el certificado anal\u00edtico de estudios realizados y\u00a0 el\/los programa\/s que corresponda\/n, en el\/los que conste carga horaria, contenidos y bibliograf\u00eda, del\/las unidades curricular\/es en el\/las que solicita equivalencia.\u00a0 La documentaci\u00f3n deber\u00e1 estar debidamente certificada.<\/span><\/li>\n<\/ul>\n<p><span style=\"font-family: arial,helvetica,sans-serif; color: #000080;\"><strong>2. De las funciones de los equipos docente y directivo <\/strong><\/span><\/p>\n<p><span style=\"font-family: arial,helvetica,sans-serif;\">El equipo docente de la materia sobre la que se solicita equivalencia deber\u00e1:<\/span><\/p>\n<ul>\n<li><span style=\"font-family: arial,helvetica,sans-serif;\">Analizar las expectativas de logro u objetivos, contenidos, carga horaria y bibliograf\u00eda, del Espacio Curricular a acreditar por equivalencia.<\/span><\/li>\n<li><span style=\"font-family: arial,helvetica,sans-serif;\">Emitir criterio, debidamente fundamentado, respecto del otorgamiento de la acreditaci\u00f3n total o\u00a0 parcial o bien del rechazo de la solicitud. <\/span><\/li>\n<li><span style=\"font-family: arial,helvetica,sans-serif;\">Si la acreditaci\u00f3n es parcial, consignar los contenidos necesarios que permitan elaborar e implementar un trayecto de actualizaci\u00f3n. <\/span><\/li>\n<li><span style=\"font-family: arial,helvetica,sans-serif;\">Remitir a la Secretar\u00eda del Instituto toda la documentaci\u00f3n de lo actuado. <\/span><\/li>\n<\/ul>\n<p><span style=\"font-family: arial,helvetica,sans-serif;\">El director refrendar\u00e1 lo actuado o bien solicitar\u00e1 una revisi\u00f3n o adecuaci\u00f3n.\u00a0 La Secretar\u00eda notificar\u00e1 fehacientemente al solicitante el resultado de las actuaciones.<\/span><\/p>\n<p><span style=\"font-family: arial,helvetica,sans-serif;\">Si la equivalencia es total, se registrar\u00e1 en el Libro de Equivalencias del Establecimiento con el formato de disposici\u00f3n o acta y en el certificado de estudios: APROBADA POR EQUIVALENCIA en \u201cObservaciones\u201d; en los espacios correspondientes a fecha y calificaci\u00f3n, se registrar\u00e1 la fecha y la nota de aprobaci\u00f3n en la instituci\u00f3n de origen.<\/span><\/p>\n<p><span style=\"font-family: arial,helvetica,sans-serif;\">Si la equivalencia es parcial, el equipo docente determinar\u00e1 fecha de trabajos indicados o plazos para el cumplimiento de otras acciones complementarias.\u00a0 Se acordar\u00e1 una entrevista consignando d\u00eda y hora.\u00a0 Todo esto no deber\u00e1 exceder la finalizaci\u00f3n del ciclo lectivo.<\/span><\/p>\n<p><span style=\"font-family: arial,helvetica,sans-serif;\">Deber\u00e1 labrarse el acta respectiva de todo lo actuado en esta equivalencia parcial, notific\u00e1ndose al alumno.<\/span><\/p>\n<p><span style=\"font-family: arial,helvetica,sans-serif;\">En el Libro de Equivalencias del establecimiento se registrar\u00e1 la aprobaci\u00f3n de la misma consignando APROBADO POR EQUIVALENCIA y la calificaci\u00f3n num\u00e9rica seg\u00fan correspondiere a la decisi\u00f3n tomada por el equipo docente.<\/span><\/p>\n<p><span style=\"font-family: arial,helvetica,sans-serif;\">En caso de reprobar las acciones complementarias o de no presentarse, se har\u00e1 constar esta situaci\u00f3n en el Libro de Equivalencias. En este caso se fijar\u00e1 una segunda fecha en un plazo no mayor de 30 d\u00edas. Si nuevamente el alumno resultare desaprobado o estuviere ausente, la direcci\u00f3n del Instituto denegar\u00e1 la equivalencia mediante Disposici\u00f3n en el Libro de Equivalencias.<\/span><\/p>\n<p><span style=\"font-family: arial,helvetica,sans-serif;\">Un alumno podr\u00e1 solicitar equivalencias de una determinada materia cuando hubiera aprobado estudios de contenidos similares o equivalentes realizados en el mismo Instituto, dependencia de la Direcci\u00f3n Superior de la Pcia. de Buenos Aires o en otra Instituci\u00f3n de nivel Superior Oficial o Privada debidamente reconocida (art. 109 del reglamento).<\/span><\/p>\n<p><span style=\"font-family: arial,helvetica,sans-serif;\">Plazo de entrega de la documentaci\u00f3n: Consultar<\/span><\/p>\n<p><span style=\"font-size: 10pt; font-family: Arial;\"><strong><span style=\"color: #000080;\">Procedimiento a seguir:<\/span><\/strong><\/span><\/p>\n<ol>\n<li><span style=\"font-family: Arial; color: #000000; font-size: 10pt;\">El alumno solicita el reconocimiento cumplimentando los formularios correspondientes.<\/span><\/li>\n<li><span style=\"font-family: Arial; color: #000000; font-size: 10pt;\">La Documentaci\u00f3n requerida se entrega en Preceptor\u00eda<\/span><\/li>\n<li><span style=\"font-family: Arial; color: #000000; font-size: 10pt;\">El preceptor lo presenta al profesor correspondiente quien emitir\u00e1 criterio.<\/span><\/li>\n<li><span style=\"font-family: Arial; color: #000000; font-size: 10pt;\">Finaliza el tr\u00e1mite cuando el alumno es notificado de su situaci\u00f3n.<\/span><\/li>\n<\/ol>\n<p><span style=\"font-size: 10pt; font-family: Arial;\"><strong><span style=\"color: #000080;\">Documentaci\u00f3n<\/span><\/strong>: Los alumnos que solicite equivalencias deber\u00e1n completar las siguientes planillas: <\/span><\/p>\n<p style=\"padding-left: 30px;\"><span style=\"font-size: 10pt; font-family: Arial;\"><a title=\"solicitud de equiv\" href=\"upload\/Solicitud_de_Equiv.pdf\" target=\"_blank\" rel=\"noopener\">Solicitud de Equivalencia Resumen A14<\/a><\/span><span style=\"font-size: 10pt; font-family: Arial;\"><br \/>\n<a title=\"Equivalencia por materia\" href=\"upload\/equiv_por_materia.pdf\" target=\"_blank\" rel=\"noopener\">Solicitud de Equivalencia. Por asignatura A14a<\/a><\/span><\/p>\n<p><span style=\"font-size: 10pt; font-family: Arial;\">\u00a0<\/span><\/p>\n","protected":false},"excerpt":{"rendered":"<p>\u00a0De las equivalencias Se podr\u00e1n acreditar Unidades Curriculares mediante el r\u00e9gimen de equivalencia. Las equivalencias podr\u00e1n comprender la Unidad\u00a0 Curricular completa o una parte de la misma (equivalencia parcial). En este caso, de ser necesario, se implementar\u00e1 un trayecto de actualizaci\u00f3n de saberes \u00a0Se trata de saberes acreditados en la misma instituci\u00f3n (en planes anteriores &#8230; <a title=\"Equivalencias\" class=\"read-more\" href=\"https:\/\/isfd22-bue.infd.edu.ar\/sitio\/equivalencias\/\" aria-label=\"More on Equivalencias\">[+]<\/a><\/p>\n","protected":false},"author":10,"featured_media":0,"parent":0,"menu_order":0,"comment_status":"closed","ping_status":"closed","template":"","meta":[],"acf":[],"_links":{"self":[{"href":"https:\/\/isfd22-bue.infd.edu.ar\/sitio\/wp-json\/wp\/v2\/pages\/927"}],"collection":[{"href":"https:\/\/isfd22-bue.infd.edu.ar\/sitio\/wp-json\/wp\/v2\/pages"}],"about":[{"href":"https:\/\/isfd22-bue.infd.edu.ar\/sitio\/wp-json\/wp\/v2\/types\/page"}],"author":[{"embeddable":true,"href":"https:\/\/isfd22-bue.infd.edu.ar\/sitio\/wp-json\/wp\/v2\/users\/10"}],"replies":[{"embeddable":true,"href":"https:\/\/isfd22-bue.infd.edu.ar\/sitio\/wp-json\/wp\/v2\/comments?post=927"}],"version-history":[{"count":1,"href":"https:\/\/isfd22-bue.infd.edu.ar\/sitio\/wp-json\/wp\/v2\/pages\/927\/revisions"}],"predecessor-version":[{"id":1579,"href":"https:\/\/isfd22-bue.infd.edu.ar\/sitio\/wp-json\/wp\/v2\/pages\/927\/revisions\/1579"}],"wp:attachment":[{"href":"https:\/\/isfd22-bue.infd.edu.ar\/sitio\/wp-json\/wp\/v2\/media?parent=927"}],"curies":[{"name":"wp","href":"https:\/\/api.w.org\/{rel}","templated":true}]}}