{"id":911,"date":"2018-08-29T19:38:54","date_gmt":"2018-08-29T22:38:54","guid":{"rendered":"https:\/\/isfd22-bue.infd.edu.ar\/sitio\/plan-de-estudios-3\/"},"modified":"2021-04-07T14:46:12","modified_gmt":"2021-04-07T17:46:12","slug":"plan-de-estudios-3","status":"publish","type":"page","link":"https:\/\/isfd22-bue.infd.edu.ar\/sitio\/plan-de-estudios-3\/","title":{"rendered":"Plan de estudios"},"content":{"rendered":"<p style=\"text-align: center;\"><span style=\"color: #003366;\">Profesorado de Ingl\u00e9s<\/span><\/p>\n<h5><span style=\"font-family: 'arial black', 'avant garde'; color: #003366;\">Primer A\u00f1o<\/span><\/h5>\n<ul>\n<li>Pedagog\u00eda<\/li>\n<li>Problem\u00e1ticas Socio-institucionales<\/li>\n<li>Did\u00e1ctica General<\/li>\n<li>Pr\u00e1cticas discursivas de la comunicaci\u00f3n oral I<\/li>\n<li>Pr\u00e1cticas discursivas de la comunicaci\u00f3n escrita I<\/li>\n<li>Pr\u00e1cticas discursivas del \u00e1mbito acad\u00e9mico en espa\u00f1ol<\/li>\n<li>Taller &#8211; Introducci\u00f3n al Ingl\u00e9s con fines acad\u00e9micos<\/li>\n<li>Estudios interculturales en lengua inglesa I<\/li>\n<li>Campo de la Formaci\u00f3n en la Pr\u00e1ctica Profesional<\/li>\n<\/ul>\n<h5><span style=\"font-family: 'arial black', 'avant garde'; color: #003366;\">Segundo A\u00f1o<\/span><\/h5>\n<ul>\n<li>Historia y Pol\u00edtica de la Educaci\u00f3n Argentina<\/li>\n<li>Ense\u00f1ar con Tecnolog\u00edas<\/li>\n<li>Perspectivas acerca de los sujetos de la educaci\u00f3n<\/li>\n<li>Pr\u00e1cticas discursivas de la comunicaci\u00f3n oral II<\/li>\n<li>Pr\u00e1cticas discursivas de la comunicaci\u00f3n escrita II<\/li>\n<li>Fundamentos de la Ense\u00f1anza y Aprendizaje del Ingl\u00e9s I<\/li>\n<li>Taller &#8211; Literatura en lengua inglesa y ni\u00f1ez<\/li>\n<li>Estudios interculturales en lengua inglesa II<\/li>\n<li>Campo de la Formaci\u00f3n en la Pr\u00e1ctica Profesional<\/li>\n<\/ul>\n<h5><span style=\"font-family: 'arial black', 'avant garde'; color: #003366;\">Tercer A\u00f1o<\/span><\/h5>\n<ul>\n<li>Educaci\u00f3n para la diversidad<\/li>\n<li>La evaluaci\u00f3n de los aprendizajes<\/li>\n<li>Filosof\u00eda y Educaci\u00f3n<\/li>\n<li>Oferta de Unidades Curriculares Optativas para el Estudiante :Segunda lengua extranjera\u00a0Oratoria y Ret\u00f3rica Docente<\/li>\n<li>Pr\u00e1cticas discursivas de la comunicaci\u00f3n oral III<\/li>\n<li>Pr\u00e1cticas discursivas de la comunicaci\u00f3n escrita III<\/li>\n<li>Fundamentos de la Ense\u00f1anza y Aprendizaje del Ingl\u00e9s II<\/li>\n<li>Taller &#8211; Literatura en lengua inglesa y juventud<\/li>\n<li>Estudios interculturales en lengua inglesa III<\/li>\n<li>Campo de la Formaci\u00f3n en la Pr\u00e1ctica Profesional<\/li>\n<\/ul>\n<h5><span style=\"font-family: 'arial black', 'avant garde'; color: #003366;\">Cuarto A\u00f1o<\/span><\/h5>\n<ul>\n<li><span style=\"font-family: arial, helvetica, sans-serif;\">An\u00e1lisis e intervenci\u00f3n en situaciones de convivencia escolar<\/span><\/li>\n<li>Tutor\u00eda y Orientaci\u00f3n Escolar<\/li>\n<li>EDI (Espacio de Definici\u00f3n Institucional)<\/li>\n<li>Pr\u00e1cticas discursivas de la comunicaci\u00f3n oral IV<\/li>\n<li>Pr\u00e1cticas discursivas de la comunicaci\u00f3n escrita IV<\/li>\n<li>Fundamentos de la Ense\u00f1anza y Aprendizaje del Ingl\u00e9s III<\/li>\n<li>Estudios interculturales en lengua inglesa IV<\/li>\n<li>Campo de la Formaci\u00f3n en la Pr\u00e1ctica Profesional<\/li>\n<\/ul>\n<table style=\"border-color: #000000; border-width: 0px; background-color: #ccffff;\" border=\"0\" frame=\"border\" rules=\"all\" align=\"center\">\n<tbody>\n<tr style=\"background-color: #ffffff;\">\n<td style=\"border: 1px solid #ffffff;\"><span style=\"font-family: 'arial black', 'avant garde'; font-size: 10pt;\"><strong>\u00a0<\/strong><\/span><\/td>\n<\/tr>\n<\/tbody>\n<\/table>\n","protected":false},"excerpt":{"rendered":"<p>Profesorado de Ingl\u00e9s Primer A\u00f1o Pedagog\u00eda Problem\u00e1ticas Socio-institucionales Did\u00e1ctica General Pr\u00e1cticas discursivas de la comunicaci\u00f3n oral I Pr\u00e1cticas discursivas de la comunicaci\u00f3n escrita I Pr\u00e1cticas discursivas del \u00e1mbito acad\u00e9mico en espa\u00f1ol Taller &#8211; Introducci\u00f3n al Ingl\u00e9s con fines acad\u00e9micos Estudios interculturales en lengua inglesa I Campo de la Formaci\u00f3n en la Pr\u00e1ctica Profesional Segundo A\u00f1o &#8230; <a title=\"Plan de estudios\" class=\"read-more\" href=\"https:\/\/isfd22-bue.infd.edu.ar\/sitio\/plan-de-estudios-3\/\" aria-label=\"More on Plan de estudios\">[+]<\/a><\/p>\n","protected":false},"author":10,"featured_media":0,"parent":0,"menu_order":0,"comment_status":"closed","ping_status":"closed","template":"","meta":[],"acf":[],"_links":{"self":[{"href":"https:\/\/isfd22-bue.infd.edu.ar\/sitio\/wp-json\/wp\/v2\/pages\/911"}],"collection":[{"href":"https:\/\/isfd22-bue.infd.edu.ar\/sitio\/wp-json\/wp\/v2\/pages"}],"about":[{"href":"https:\/\/isfd22-bue.infd.edu.ar\/sitio\/wp-json\/wp\/v2\/types\/page"}],"author":[{"embeddable":true,"href":"https:\/\/isfd22-bue.infd.edu.ar\/sitio\/wp-json\/wp\/v2\/users\/10"}],"replies":[{"embeddable":true,"href":"https:\/\/isfd22-bue.infd.edu.ar\/sitio\/wp-json\/wp\/v2\/comments?post=911"}],"version-history":[{"count":4,"href":"https:\/\/isfd22-bue.infd.edu.ar\/sitio\/wp-json\/wp\/v2\/pages\/911\/revisions"}],"predecessor-version":[{"id":1480,"href":"https:\/\/isfd22-bue.infd.edu.ar\/sitio\/wp-json\/wp\/v2\/pages\/911\/revisions\/1480"}],"wp:attachment":[{"href":"https:\/\/isfd22-bue.infd.edu.ar\/sitio\/wp-json\/wp\/v2\/media?parent=911"}],"curies":[{"name":"wp","href":"https:\/\/api.w.org\/{rel}","templated":true}]}}