{"id":909,"date":"2018-08-29T19:38:53","date_gmt":"2018-08-29T22:38:53","guid":{"rendered":"https:\/\/isfd22-bue.infd.edu.ar\/sitio\/plan-de-estudios-2\/"},"modified":"2019-11-07T08:57:51","modified_gmt":"2019-11-07T11:57:51","slug":"plan-de-estudios-2","status":"publish","type":"page","link":"https:\/\/isfd22-bue.infd.edu.ar\/sitio\/plan-de-estudios-2\/","title":{"rendered":"Plan de estudios"},"content":{"rendered":"<p style=\"text-align: center;\"><span style=\"color: #003366;\">Profesorado de Matem\u00e1tica<\/span><\/p>\n<h5><span style=\"color: #003366;\"><u>PRIMER A\u00d1O<\/u><\/span><\/h5>\n<ul>\n<li>Pedagog\u00eda<\/li>\n<li>Problem\u00e1ticas Socio-institucionales<\/li>\n<li>Did\u00e1ctica General<\/li>\n<li>Introducci\u00f3n al c\u00e1lculo<\/li>\n<li>Geometr\u00eda M\u00e9trica<\/li>\n<li>\u00c1lgebra I<\/li>\n<li>Taller: El trabajo docente: complejidades y entramados + Trabajo de Campo<\/li>\n<\/ul>\n<h5><span style=\"color: #003366;\"><u>SEGUNDO A\u00d1O<\/u><\/span><\/h5>\n<ul>\n<li>Historia y Pol\u00edtica de la Educaci\u00f3n Argentina<\/li>\n<li>Ense\u00f1ar con Tecnolog\u00edas<\/li>\n<li>Perspectivas acerca de los sujetos de la educaci\u00f3n<\/li>\n<li>Geometr\u00eda Anal\u00edtica<\/li>\n<li>Historia de la Matem\u00e1tica<\/li>\n<li>Did\u00e1ctica de la Matem\u00e1tica I: Did\u00e1ctica y Curr\u00edculum<\/li>\n<li>C\u00e1lculo<\/li>\n<li>\u00c1lgebra II<\/li>\n<li>Taller: La Construcci\u00f3n del Trabajo Docente en la Escuela Secundaria + Trabajo de Campo + Pr\u00e1cticas Supervisadas (Acotadas)<\/li>\n<\/ul>\n<h5><span style=\"color: #003366;\"><u>TERCER A\u00d1O<\/u><\/span><\/h5>\n<ul>\n<li>Educaci\u00f3n para la diversidad<\/li>\n<li>La evaluaci\u00f3n de los aprendizajes<\/li>\n<li>Filosof\u00eda y Educaci\u00f3n<\/li>\n<li>Ingl\u00e9s \u2013 Nivel I<\/li>\n<li>Oratoria y Ret\u00f3rica Docente<\/li>\n<li>\u00c1lgebra Superior y Elementos de Topolog\u00eda<\/li>\n<li>Did\u00e1ctica de la Matem\u00e1tica II: Ense\u00f1anza con TIC<\/li>\n<li>Complementos de C\u00e1lculo<\/li>\n<li>Probabilidad y Estad\u00edstica<\/li>\n<li>Taller: La Construcci\u00f3n de la Tarea Docente espec\u00edfica en la Ense\u00f1anza del Nivel + Trabajo de Campo + Pr\u00e1cticas Supervisadas Intensivas<\/li>\n<\/ul>\n<h5><span style=\"color: #003366;\"><u>CUARTO A\u00d1O<\/u><\/span><\/h5>\n<ul>\n<li>An\u00e1lisis e intervenci\u00f3n en situaciones de convivencia escolar<\/li>\n<li>Ingl\u00e9s \u2013 Nivel II<\/li>\n<li>Tutor\u00eda y Orientaci\u00f3n Escolar<\/li>\n<li>Geometr\u00eda No Euclidiana, Geometr\u00eda proyectiva y Fractal<\/li>\n<li>Seminario de Temas de F\u00edsica<\/li>\n<li>Did\u00e1ctica de la Matem\u00e1tica III: Investigaci\u00f3n de los Problemas de la Ense\u00f1anza<\/li>\n<li>Fundamentos de Matem\u00e1tica<\/li>\n<li>Matem\u00e1tica Aplicada<\/li>\n<li>D.I. (Espacio de Definici\u00f3n Institucional)<\/li>\n<li>Taller: La Reflexi\u00f3n sobre la Tarea Docente + Trabajo de Campo + Pr\u00e1cticas Supervisadas Intensivas<\/li>\n<\/ul>\n<hr \/>\n","protected":false},"excerpt":{"rendered":"<p>Profesorado de Matem\u00e1tica PRIMER A\u00d1O Pedagog\u00eda Problem\u00e1ticas Socio-institucionales Did\u00e1ctica General Introducci\u00f3n al c\u00e1lculo Geometr\u00eda M\u00e9trica \u00c1lgebra I Taller: El trabajo docente: complejidades y entramados + Trabajo de Campo SEGUNDO A\u00d1O Historia y Pol\u00edtica de la Educaci\u00f3n Argentina Ense\u00f1ar con Tecnolog\u00edas Perspectivas acerca de los sujetos de la educaci\u00f3n Geometr\u00eda Anal\u00edtica Historia de la Matem\u00e1tica Did\u00e1ctica &#8230; <a title=\"Plan de estudios\" class=\"read-more\" href=\"https:\/\/isfd22-bue.infd.edu.ar\/sitio\/plan-de-estudios-2\/\" aria-label=\"More on Plan de estudios\">[+]<\/a><\/p>\n","protected":false},"author":10,"featured_media":0,"parent":0,"menu_order":0,"comment_status":"closed","ping_status":"closed","template":"","meta":[],"acf":[],"_links":{"self":[{"href":"https:\/\/isfd22-bue.infd.edu.ar\/sitio\/wp-json\/wp\/v2\/pages\/909"}],"collection":[{"href":"https:\/\/isfd22-bue.infd.edu.ar\/sitio\/wp-json\/wp\/v2\/pages"}],"about":[{"href":"https:\/\/isfd22-bue.infd.edu.ar\/sitio\/wp-json\/wp\/v2\/types\/page"}],"author":[{"embeddable":true,"href":"https:\/\/isfd22-bue.infd.edu.ar\/sitio\/wp-json\/wp\/v2\/users\/10"}],"replies":[{"embeddable":true,"href":"https:\/\/isfd22-bue.infd.edu.ar\/sitio\/wp-json\/wp\/v2\/comments?post=909"}],"version-history":[{"count":2,"href":"https:\/\/isfd22-bue.infd.edu.ar\/sitio\/wp-json\/wp\/v2\/pages\/909\/revisions"}],"predecessor-version":[{"id":1269,"href":"https:\/\/isfd22-bue.infd.edu.ar\/sitio\/wp-json\/wp\/v2\/pages\/909\/revisions\/1269"}],"wp:attachment":[{"href":"https:\/\/isfd22-bue.infd.edu.ar\/sitio\/wp-json\/wp\/v2\/media?parent=909"}],"curies":[{"name":"wp","href":"https:\/\/api.w.org\/{rel}","templated":true}]}}