{"id":888,"date":"2018-08-29T19:38:49","date_gmt":"2018-08-29T22:38:49","guid":{"rendered":"https:\/\/isfd22-bue.infd.edu.ar\/sitio\/lompe\/"},"modified":"2019-10-30T09:28:56","modified_gmt":"2019-10-30T12:28:56","slug":"lompe","status":"publish","type":"page","link":"https:\/\/isfd22-bue.infd.edu.ar\/sitio\/lompe\/","title":{"rendered":"LOMPE"},"content":{"rendered":"<p style=\"text-align: center;\"><img decoding=\"async\" loading=\"lazy\" class=\"aligncenter\" title=\"\" src=\"https:\/\/isfd22-bue.infd.edu.ar\/sitio\/wp-content\/uploads\/2018\/08\/13029411_509889325867234_614775741356481243_o.jpg\" alt=\"\" width=\"416\" height=\"312\" border=\"0\" \/><span style=\"color: #000080;\"><strong><span style=\"font-size: 12pt;\">\u00a0<\/span><\/strong><\/span><span style=\"text-decoration: underline;\"><span style=\"color: #000080;\"><strong><span style=\"font-size: 12pt;\">\u00bfQu\u00e9 es el LOMPE?<\/span><\/strong><\/span><\/span><\/p>\n<p style=\"text-align: justify;\">\u00a0\u00a0 El <strong><em>\u00a0Lugar Olavarriense de la Memoria Pedag\u00f3gica y Escolar \u201cMar\u00eda In\u00e9s PIRIZ\u201d <\/em><\/strong>es unCentro de Documentaci\u00f3n y Museo Pedag\u00f3gico orientado a reconstruir las pr\u00e1cticas de ense\u00f1anza en la Provincia de Buenos Aires.<\/p>\n<p style=\"text-align: justify;\">\u00a0\u00a0 Profesores del Instituto Superior de Formaci\u00f3n Docente N\u00b0 22 \u201cAdolfo Alsina\u201d de Olavarr\u00eda, Provincia de Buenos Aires, organizaron este lugar de la memoria pedag\u00f3gica como desprendimiento de la RedIPARC, programa de Extensi\u00f3n del ISFD N\u00b0 22 que nuclea una red de Institutos Superiores de formaci\u00f3n docente y t\u00e9cnica abocados a la investigaci\u00f3n participativa sobre las pr\u00e1cticas de ense\u00f1anza<strong><em>.\u00a0<\/em><\/strong><\/p>\n<p style=\"text-align: justify;\"><strong><em>\u00a0\u00a0\u00a0\u00a0<\/em><\/strong>Est\u00e1 avalado por el Consejo General de Cultura y Educaci\u00f3n de la Provincia de Buenos Aires, por la Direcci\u00f3n Provincial de Educaci\u00f3n Superior, por la Jefatura de Educaci\u00f3n Oficial de la Regi\u00f3n 25 de la Provincia de Buenos Aires, por la Jefatura Regional de Educaci\u00f3n Privada, por el Consejo Escolar de Olavarr\u00eda y por la Secretar\u00eda de Desarrollo Social de la Municipalidad de Olavarr\u00eda.<\/p>\n<p style=\"text-align: justify;\">\u00a0\u00a0\u00a0\u00a0 El programa de trabajo del LOMPE abre en siete \u00a0secciones:<\/p>\n<p>\u00a0\u00a0\u00a0\u00a0 a) <em>Centro de<\/em> <em>conservaci\u00f3n de<\/em> <em>Libros de Lectura<\/em> y <em>Manuales Escolares \u201cElba Milione de Guerra\u201d<\/em>,<\/p>\n<p>b)\u00a0 <em>Centro de<\/em> <em>conservaci\u00f3n de<\/em> <em>Cuadernos y carpetas de alumnos, <\/em>y de <em>Cuadernos<\/em> y <em>Carpetas Did\u00e1cticas de los docentes<\/em>,<\/p>\n<p>c)\u00a0 \u00a0<em>Biblioteca Pedag\u00f3gica \u201cGustavo Tombesi\u201d<\/em><\/p>\n<p>d)\u00a0\u00a0 <em>Archivo Hist\u00f3rico de Documentaci\u00f3n Educativa y Escolar <\/em><\/p>\n<p><em>\u00a0\u00a0\u00a0\u00a0 e)\u00a0\u00a0 <\/em><em>Museo escolar<\/em><\/p>\n<p><em>\u00a0\u00a0\u00a0\u00a0 f)\u00a0\u00a0\u00a0<\/em><em>Centro de Investigaci\u00f3n socio-hist\u00f3rica de las pr\u00e1cticas educativas<\/em><\/p>\n<p><em>\u00a0\u00a0\u00a0\u00a0 g) \u00a0 <\/em><em>Centro de Incunables y publicaciones<\/em><\/p>\n<p style=\"text-align: justify;\"><em>\u00a0\u00a0\u00a0 <\/em>Adem\u00e1s el \u00a0LOMPE es sede de la <strong><em>Biblioteca de la RedIPARC<\/em><\/strong>, que alberga publicaciones de las investigaciones de los cincuenta y seis Institutos que conforman la Red; y de la <strong><em>Biblioteca del Colectivo Argentino de docentes que hacen investigaci\u00f3n desde la Escuela<\/em><\/strong>, que alberga las publicaciones propias del Colectivo as\u00ed como las donaciones de las Redes Iberoamericanas con las cuales se vincula el Colectivo y otros centros acad\u00e9micos.<\/p>\n<p style=\"text-align: justify;\">\u00a0\u00a0\u00a0 El LOMPE ha trabajado en forma conjunta con el CENDIE, <em>Centro de Documentaci\u00f3n e Informaci\u00f3n Educativa <\/em>de la Direcci\u00f3n General de Cultura y Educaci\u00f3n de la Provincia de Buenos Aires en la digitalizaci\u00f3n de cuadernos escolares, tarea del Centro de conservaci\u00f3n de Cuadernos y Carpetas Escolares. Este programa fue presentado a la actual Ministra de Educaci\u00f3n de la Provincia en octubre 2011.<\/p>\n<p style=\"text-align: justify;\">\u00a0\u00a0\u00a0 Actualmente se han iniciado contactos con la Curadora Mar\u00eda Cristina Linares, miembro del equipo t\u00e9cnico del Museo de las Escuelas del Ministerio de Educaci\u00f3n de la Ciudad de Buenos Aires \u2013 Universidad Nacional de Luj\u00e1n, dirigido por la especialista Silvia Alderoqui.<\/p>\n<p style=\"text-align: justify;\">\u00a0\u00a0\u00a0 El programa de investigaci\u00f3n est\u00e1 inscripto dentro de las acciones de articulaci\u00f3n con el Programa <em>HISTELEA<\/em> (<em>Historia de la Ense\u00f1anza de la Lectura y la Escritura en la Argentina<\/em>) de la Universidad Nacional de Luj\u00e1n como parte de las acciones de la <em>RELEE <\/em>(<em>Redes de Estudios en Lectura y Escritura<\/em>), Red internacional coordinada en Argentina por la Universidad Nacional del Nordeste y la Universidad Nacional de Luj\u00e1n, de la cual el ISFD N\u00b0 22 forma parte como una de las acciones del Proyecto RedIPARC.<\/p>\n<p style=\"text-align: justify;\">\u00a0\u00a0\u00a0 En esta l\u00ednea de articulaci\u00f3n con la RELEE, durante 2009 y con aval de la Direcci\u00f3n Provincial de Educaci\u00f3n Superior, se organiz\u00f3 un Seminario Internacional de reconstrucci\u00f3n\u00a0 socio-hist\u00f3rica\u00a0 de las pr\u00e1cticas de ense\u00f1anza de la lectura y la escritura a trav\u00e9s del\u00a0 abordaje de los accesos a los saberes letrados en la Rep\u00fablica Argentina, destinado a docentes de ISFD de la Provincia de Buenos Aires. El desarrollo tem\u00e1tico de los m\u00f3dulos estuvo a cargo de especialistas de la Universidad Nacional de Luj\u00e1n (UNLu &#8211; Argentina), de la Universidad Nacional del Nordeste (UNNE &#8211; Argentina)\u00a0 y de la Universidad Nacional de Educaci\u00f3n a Distancia\u00a0 (UNED \u2013 Espa\u00f1a) y se dict\u00f3 en la sede Capital Federal de la UNLu. Los tutores fueron profesores de la RedIPARC. Este Seminario fue preparatorio de un Posgrado Interuniversitario, para cuya organizaci\u00f3n se realiz\u00f3 una jornada de trabajo de tres d\u00edas desde el 2 al 4 de julio pr\u00f3ximo pasado en la UNLu, de la cual participaron las Prof. Noem\u00ed Milton (ISFD 22 de Olavarr\u00eda) y Elena Salerno (ISFD 21 de Moreno) como representantes de la RedIPARC.<\/p>\n<p style=\"text-align: justify;\">\u00a0\u00a0\u00a0 El criterio de corte hist\u00f3rico que organiza las actividades del LOMPE son las reformas curriculares en la Provincia de Buenos Aires: 1918 \u2013 1936 -1942 \u2013 1949 \u2013 1957 \u2013 1964 \u2013 1970 \u2013 1977 \u2013 1987 \u2013 1997 \u2013 2007<\/p>\n","protected":false},"excerpt":{"rendered":"<p>\u00a0\u00bfQu\u00e9 es el LOMPE? \u00a0\u00a0 El \u00a0Lugar Olavarriense de la Memoria Pedag\u00f3gica y Escolar \u201cMar\u00eda In\u00e9s PIRIZ\u201d es unCentro de Documentaci\u00f3n y Museo Pedag\u00f3gico orientado a reconstruir las pr\u00e1cticas de ense\u00f1anza en la Provincia de Buenos Aires. \u00a0\u00a0 Profesores del Instituto Superior de Formaci\u00f3n Docente N\u00b0 22 \u201cAdolfo Alsina\u201d de Olavarr\u00eda, Provincia de Buenos Aires, &#8230; <a title=\"LOMPE\" class=\"read-more\" href=\"https:\/\/isfd22-bue.infd.edu.ar\/sitio\/lompe\/\" aria-label=\"More on LOMPE\">[+]<\/a><\/p>\n","protected":false},"author":10,"featured_media":0,"parent":0,"menu_order":0,"comment_status":"closed","ping_status":"closed","template":"","meta":[],"acf":[],"_links":{"self":[{"href":"https:\/\/isfd22-bue.infd.edu.ar\/sitio\/wp-json\/wp\/v2\/pages\/888"}],"collection":[{"href":"https:\/\/isfd22-bue.infd.edu.ar\/sitio\/wp-json\/wp\/v2\/pages"}],"about":[{"href":"https:\/\/isfd22-bue.infd.edu.ar\/sitio\/wp-json\/wp\/v2\/types\/page"}],"author":[{"embeddable":true,"href":"https:\/\/isfd22-bue.infd.edu.ar\/sitio\/wp-json\/wp\/v2\/users\/10"}],"replies":[{"embeddable":true,"href":"https:\/\/isfd22-bue.infd.edu.ar\/sitio\/wp-json\/wp\/v2\/comments?post=888"}],"version-history":[{"count":1,"href":"https:\/\/isfd22-bue.infd.edu.ar\/sitio\/wp-json\/wp\/v2\/pages\/888\/revisions"}],"predecessor-version":[{"id":1178,"href":"https:\/\/isfd22-bue.infd.edu.ar\/sitio\/wp-json\/wp\/v2\/pages\/888\/revisions\/1178"}],"wp:attachment":[{"href":"https:\/\/isfd22-bue.infd.edu.ar\/sitio\/wp-json\/wp\/v2\/media?parent=888"}],"curies":[{"name":"wp","href":"https:\/\/api.w.org\/{rel}","templated":true}]}}