{"id":873,"date":"2018-08-29T19:38:44","date_gmt":"2018-08-29T22:38:44","guid":{"rendered":"https:\/\/isfd22-bue.infd.edu.ar\/sitio\/preceptoria\/"},"modified":"2024-10-01T19:11:22","modified_gmt":"2024-10-01T22:11:22","slug":"preceptoria","status":"publish","type":"page","link":"https:\/\/isfd22-bue.infd.edu.ar\/sitio\/preceptoria\/","title":{"rendered":"Preceptor\u00eda"},"content":{"rendered":"<p><span style=\"font-family: arial,helvetica,sans-serif; font-size: 12pt;\"><strong><span style=\"color: #000080;\">Horario de Preceptor\u00eda:\u00a0<\/span><\/strong><\/span>Turno Tarde: de 13:30 a 17:40 &#8211; Turno Noche: de 18 a 22:30<\/p>\n<table style=\"width: 100%; height: 178px;\" border=\"0\" align=\"center\">\n<tbody>\n<tr>\n<td valign=\"top\"><img decoding=\"async\" class=\"alignleft\" title=\"preceptoria\" src=\"https:\/\/isfd22-bue.infd.edu.ar\/sitio\/wp-content\/uploads\/2018\/08\/preceptores.jpg\" alt=\"preceptoria\" border=\"0\" \/><\/td>\n<td valign=\"top\"><\/td>\n<td>\n<table style=\"width: 337px; height: 63px;\" border=\"0\" align=\"center\">\n<tbody>\n<tr>\n<td style=\"text-align: center; background-color: #c5f092; border: #033476 1px solid;\" colspan=\"2\" valign=\"top\"><span style=\"font-size: 12pt;\"><strong><span style=\"font-family: arial,helvetica,sans-serif; color: #000080;\">Preceptores\u00a0<\/span><\/strong><\/span><span style=\"font-size: 12pt;\"><strong><span style=\"font-family: arial,helvetica,sans-serif; color: #000080;\">\u00a0<\/span><\/strong><\/span><\/td>\n<\/tr>\n<tr>\n<td><span style=\"font-family: arial,helvetica,sans-serif; color: #000080; font-size: 10pt;\"><span style=\"font-family: arial,helvetica,sans-serif; color: #000080; font-size: 10pt;\">Prof. de Matem\u00e1tica<\/span><\/span><\/p>\n<p><span style=\"font-family: arial,helvetica,sans-serif; color: #000080; font-size: 10pt;\">Prof. de Ingl\u00e9s<\/span><\/td>\n<td><span style=\"font-family: arial,helvetica,sans-serif; font-size: 10pt;\"><span style=\"font-family: arial,helvetica,sans-serif; font-size: 10pt;\">Micaela Schwindt<\/span><\/span><\/td>\n<\/tr>\n<tr>\n<td><span style=\"font-family: arial,helvetica,sans-serif; color: #000080; font-size: 10pt;\"><span style=\"font-family: arial,helvetica,sans-serif; color: #000080; font-size: 10pt;\">Prof. de Lengua y Literatura<\/span><\/span><\/p>\n<p><span style=\"font-family: arial,helvetica,sans-serif; color: #000080; font-size: 10pt;\">Prof. de Filosof\u00eda<\/span><\/td>\n<td><span style=\"font-family: arial,helvetica,sans-serif; font-size: 10pt;\"><span style=\"font-family: arial,helvetica,sans-serif; font-size: 10pt;\">Claudia A. Vargas<\/span><\/span><\/td>\n<\/tr>\n<tr>\n<td><span style=\"font-family: arial,helvetica,sans-serif; color: #000080; font-size: 10pt;\">Prof. de Biolog\u00eda<\/span><\/p>\n<p><span style=\"font-family: arial,helvetica,sans-serif; color: #000080; font-size: 10pt;\">Prof. de F\u00edsica<\/span><\/td>\n<td valign=\"middle\"><span style=\"font-family: arial,helvetica,sans-serif; font-size: 10pt;\">Christian Hatte Videla<\/span><\/td>\n<\/tr>\n<tr>\n<td><span style=\"font-family: arial,helvetica,sans-serif; color: #000080; font-size: 10pt;\">Prof. de Educaci\u00f3n Primaria<\/span><\/td>\n<td><span style=\"font-family: arial,helvetica,sans-serif; font-size: 10pt;\">M. Virginia Verucchi<\/span><\/p>\n<p><span style=\"font-family: arial,helvetica,sans-serif; font-size: 10pt;\">Claudia Vargas<\/span><\/td>\n<\/tr>\n<tr>\n<td><span style=\"font-family: arial,helvetica,sans-serif; color: #000080; font-size: 10pt;\">Prof. de Historia<\/span><\/p>\n<p><span style=\"font-family: arial,helvetica,sans-serif; color: #000080; font-size: 10pt;\">Prof. de Geograf\u00eda<\/span><\/td>\n<td><span style=\"font-family: arial,helvetica,sans-serif; font-size: 10pt;\">Cintia Castro<\/span><\/td>\n<\/tr>\n<\/tbody>\n<\/table>\n<\/td>\n<\/tr>\n<\/tbody>\n<\/table>\n","protected":false},"excerpt":{"rendered":"<p>Horario de Preceptor\u00eda:\u00a0Turno Tarde: de 13:30 a 17:40 &#8211; Turno Noche: de 18 a 22:30 Preceptores\u00a0\u00a0 Prof. de Matem\u00e1tica Prof. de Ingl\u00e9s Micaela Schwindt Prof. de Lengua y Literatura Prof. de Filosof\u00eda Claudia A. Vargas Prof. de Biolog\u00eda Prof. de F\u00edsica Christian Hatte Videla Prof. de Educaci\u00f3n Primaria M. Virginia Verucchi Claudia Vargas Prof. de &#8230; <a title=\"Preceptor\u00eda\" class=\"read-more\" href=\"https:\/\/isfd22-bue.infd.edu.ar\/sitio\/preceptoria\/\" aria-label=\"More on Preceptor\u00eda\">[+]<\/a><\/p>\n","protected":false},"author":10,"featured_media":0,"parent":0,"menu_order":0,"comment_status":"closed","ping_status":"closed","template":"","meta":[],"acf":[],"_links":{"self":[{"href":"https:\/\/isfd22-bue.infd.edu.ar\/sitio\/wp-json\/wp\/v2\/pages\/873"}],"collection":[{"href":"https:\/\/isfd22-bue.infd.edu.ar\/sitio\/wp-json\/wp\/v2\/pages"}],"about":[{"href":"https:\/\/isfd22-bue.infd.edu.ar\/sitio\/wp-json\/wp\/v2\/types\/page"}],"author":[{"embeddable":true,"href":"https:\/\/isfd22-bue.infd.edu.ar\/sitio\/wp-json\/wp\/v2\/users\/10"}],"replies":[{"embeddable":true,"href":"https:\/\/isfd22-bue.infd.edu.ar\/sitio\/wp-json\/wp\/v2\/comments?post=873"}],"version-history":[{"count":5,"href":"https:\/\/isfd22-bue.infd.edu.ar\/sitio\/wp-json\/wp\/v2\/pages\/873\/revisions"}],"predecessor-version":[{"id":1724,"href":"https:\/\/isfd22-bue.infd.edu.ar\/sitio\/wp-json\/wp\/v2\/pages\/873\/revisions\/1724"}],"wp:attachment":[{"href":"https:\/\/isfd22-bue.infd.edu.ar\/sitio\/wp-json\/wp\/v2\/media?parent=873"}],"curies":[{"name":"wp","href":"https:\/\/api.w.org\/{rel}","templated":true}]}}