{"id":868,"date":"2018-08-29T19:38:42","date_gmt":"2018-08-29T22:38:42","guid":{"rendered":"https:\/\/isfd22-bue.infd.edu.ar\/sitio\/profesorado-en-filosofia\/"},"modified":"2019-11-19T11:39:02","modified_gmt":"2019-11-19T14:39:02","slug":"profesorado-en-filosofia","status":"publish","type":"page","link":"https:\/\/isfd22-bue.infd.edu.ar\/sitio\/profesorado-en-filosofia\/","title":{"rendered":"Filosof\u00eda"},"content":{"rendered":"<p style=\"text-align: center;\"><img decoding=\"async\" loading=\"lazy\" class=\"wp-image-1345 aligncenter\" src=\"https:\/\/isfd22-bue.infd.edu.ar\/sitio\/wp-content\/uploads\/2019\/11\/filosofia-princip.png\" alt=\"\" width=\"407\" height=\"241\" \/><\/p>\n<h6 style=\"text-align: center;\"><span style=\"color: #003366;\"><a href=\"https:\/\/isfd22-bue.infd.edu.ar\/sitio\/plan-de-estudios-4\/\">PLAN DE ESTUDIOS<\/a> \u00a0 <a href=\"https:\/\/isfd22-bue.infd.edu.ar\/sitio\/correlatividades-2\/\">CORRELATIVIDADES<\/a><\/span><\/h6>\n<p><span style=\"font-family: arial, helvetica, sans-serif; color: #003366;\"><span style=\"font-size: 10pt;\"><strong><em>Objetivo de la carrera<\/em><\/strong><\/span><\/span><\/p>\n<p><span style=\"font-family: arial,helvetica,sans-serif;\"><span style=\"font-size: 10pt;\">El objetivo de la carrera es propender a la formaci\u00f3n de un egresado con una s\u00f3lida formaci\u00f3n acad\u00e9mica en filosof\u00eda, con capacidad de elaborar recursos conceptuales para el reconocimiento y la discusi\u00f3n critica de supuestos contenidos filos\u00f3ficos en problemas que afectan a su contexto social y cultural, en especial en el \u00e1mbito de la educaci\u00f3n. Deben adem\u00e1s poseer una adecuado conocimiento y manejo de los recursos did\u00e1cticos para la transferencia en el aula.<\/span><\/span><\/p>\n<p><span style=\"font-family: arial,helvetica,sans-serif;\"><span style=\"font-size: 10pt;\">El filosofo es un pensador, que reflexiona a su vez sobre su propio pensamiento. Su objetivo es la b\u00fasqueda de la verdad.<br \/>\nCompete al graduado en esta disciplina, el aporte de estrategias conceptuales para abordar los grandes temas de la Filosof\u00eda la problem\u00e1tica de nuestro tiempo.<br \/>\n<\/span><\/span><\/p>\n<p><span style=\"font-family: arial,helvetica,sans-serif;\"><span style=\"font-size: 10pt;\">Este profesorado permite desempe\u00f1arse como docente en Polimodal.\u00a0 La estructura curricular que mencionamos garantiza simult\u00e1neamente el dominio de la propia disciplina y la idoneidad del egresado para desempe\u00f1arse en el \u00c1rea de Filosof\u00eda, Formaci\u00f3n \u00c9tica y Ciudadana.<\/span><\/span><\/p>\n","protected":false},"excerpt":{"rendered":"<p>PLAN DE ESTUDIOS \u00a0 CORRELATIVIDADES Objetivo de la carrera El objetivo de la carrera es propender a la formaci\u00f3n de un egresado con una s\u00f3lida formaci\u00f3n acad\u00e9mica en filosof\u00eda, con capacidad de elaborar recursos conceptuales para el reconocimiento y la discusi\u00f3n critica de supuestos contenidos filos\u00f3ficos en problemas que afectan a su contexto social y &#8230; <a title=\"Filosof\u00eda\" class=\"read-more\" href=\"https:\/\/isfd22-bue.infd.edu.ar\/sitio\/profesorado-en-filosofia\/\" aria-label=\"More on Filosof\u00eda\">[+]<\/a><\/p>\n","protected":false},"author":10,"featured_media":0,"parent":0,"menu_order":0,"comment_status":"closed","ping_status":"closed","template":"","meta":[],"acf":[],"_links":{"self":[{"href":"https:\/\/isfd22-bue.infd.edu.ar\/sitio\/wp-json\/wp\/v2\/pages\/868"}],"collection":[{"href":"https:\/\/isfd22-bue.infd.edu.ar\/sitio\/wp-json\/wp\/v2\/pages"}],"about":[{"href":"https:\/\/isfd22-bue.infd.edu.ar\/sitio\/wp-json\/wp\/v2\/types\/page"}],"author":[{"embeddable":true,"href":"https:\/\/isfd22-bue.infd.edu.ar\/sitio\/wp-json\/wp\/v2\/users\/10"}],"replies":[{"embeddable":true,"href":"https:\/\/isfd22-bue.infd.edu.ar\/sitio\/wp-json\/wp\/v2\/comments?post=868"}],"version-history":[{"count":6,"href":"https:\/\/isfd22-bue.infd.edu.ar\/sitio\/wp-json\/wp\/v2\/pages\/868\/revisions"}],"predecessor-version":[{"id":1403,"href":"https:\/\/isfd22-bue.infd.edu.ar\/sitio\/wp-json\/wp\/v2\/pages\/868\/revisions\/1403"}],"wp:attachment":[{"href":"https:\/\/isfd22-bue.infd.edu.ar\/sitio\/wp-json\/wp\/v2\/media?parent=868"}],"curies":[{"name":"wp","href":"https:\/\/api.w.org\/{rel}","templated":true}]}}