{"id":866,"date":"2018-08-29T19:38:41","date_gmt":"2018-08-29T22:38:41","guid":{"rendered":"https:\/\/isfd22-bue.infd.edu.ar\/sitio\/profesorado-de-educacion-primaria\/"},"modified":"2019-11-19T11:37:07","modified_gmt":"2019-11-19T14:37:07","slug":"profesorado-de-educacion-primaria","status":"publish","type":"page","link":"https:\/\/isfd22-bue.infd.edu.ar\/sitio\/profesorado-de-educacion-primaria\/","title":{"rendered":"Educaci\u00f3n Primaria"},"content":{"rendered":"<p style=\"text-align: center;\"><img decoding=\"async\" loading=\"lazy\" class=\"alignnone wp-image-1343\" src=\"https:\/\/isfd22-bue.infd.edu.ar\/sitio\/wp-content\/uploads\/2019\/11\/primaria-princip.png\" alt=\"\" width=\"463\" height=\"278\" \/><\/p>\n<h6 style=\"text-align: center;\"><span style=\"color: #003366;\"><a href=\"https:\/\/isfd22-bue.infd.edu.ar\/sitio\/plan-de-estudio\/\">PLAN DE ESTUDIOS<\/a> \u00a0 <a href=\"https:\/\/isfd22-bue.infd.edu.ar\/sitio\/correlatividades-4\/\">CORRELATIVIDADES<\/a><\/span><\/h6>\n<p style=\"text-align: justify;\"><span style=\"font-family: Arial; font-size: 10pt;\">E<span style=\"layout-grid-mode: line;\">l Dise\u00f1o Curricular de la Formaci\u00f3n Docente de Nivel Primario ha sido construido sobre la base de un proceso participativo durante el per\u00edodo 2006 &#8211; 2007. Este proceso se inici\u00f3 con la voluntad pol\u00edtica de la Direcci\u00f3n General de Cultura y Educaci\u00f3n de la provincia de Buenos Aires, mas el impulso concreto dado por la Direcci\u00f3n de Educaci\u00f3n superior (DES). como marco pol\u00edtico y conceptual de todo proceso, se produjo un documento base titulado Redefinici\u00f3n de la Formaci\u00f3n Docente de Inicial y EGB Documento de discusi\u00f3n, que tuvo en cuenta estudios y experiencias precedentes acerca del tema.<\/span><\/span><\/p>\n<p style=\"text-align: justify; text-indent: 5px;\"><span style=\"font-family: Arial; font-size: 10pt;\"><span style=\"layout-grid-mode: line;\">Los fundamentos en que se asienta este Dise\u00f1o Curricular se constituye a partir de la intersecci\u00f3n de dos campos pedag\u00f3gicos te\u00f3ricos &#8211; pr\u00e1cticos: el que corresponde al propio curr\u00edculo y el del objeto de transformaci\u00f3n del nivel, la formaci\u00f3n docentes. Ambos t\u00e9rminos cobran identidad en dicha articulaci\u00f3n en tanto el curr\u00edculum se convierte en propuesta formativa de docentes y la formaci\u00f3n de docentes se enra\u00edza, encauza y desenvuelve en aqu\u00e9l. ambos est\u00e1n din\u00e1micamente articulados y desbordan sus propias fronteras, por tratarse de manifestaciones y pr\u00e1cticas del campo sociocultural.<\/span><\/span><\/p>\n<p style=\"text-align: justify;\"><span style=\"font-family: arial,helvetica,sans-serif;\"><span style=\"font-size: 10pt;\">El dise\u00f1o para la formaci\u00f3n de docentes del Nivel Primario vincula fundamentos conceptuales y experienciales en una configuraci\u00f3n significativa, de car\u00e1cter abierto, que obra como punto de partida. Dicho dise\u00f1o curricular se constituye a partir de la intersecci\u00f3n de dos campos pedag\u00f3gicos te\u00f3rico-pr\u00e1cticos.<\/span><\/span><\/p>\n<p style=\"text-align: justify;\"><span style=\"font-family: arial,helvetica,sans-serif;\">Se formar\u00e1\u00a0un docente: <\/span><\/p>\n<p><span style=\"font-family: arial,helvetica,sans-serif;\"><span style=\"font-size: 10pt;\"><span style=\"color: #000000;\"><strong><span style=\"font-family: arial,helvetica,sans-serif;\"><span style=\"font-size: 10pt;\">\u00a0<\/span><\/span><\/strong><\/span><\/span><\/span><\/p>\n<ul>\n<li>\n<div style=\"line-height: normal; text-indent: -14.2pt; margin: 0cm 0cm 6pt 32.2pt;\"><span style=\"color: #000000;\"><span style=\"font-family: arial,helvetica,sans-serif;\"><span style=\"font-size: 10pt;\">Con s\u00f3lida formaci\u00f3n profesional cient\u00edfico-pedag\u00f3gica y human\u00edstica<\/span><\/span><\/span><\/div>\n<\/li>\n<li>\n<div style=\"line-height: normal; text-indent: -14.2pt; margin: 0cm 0cm 6pt 32.2pt;\"><span style=\"color: #000000;\"><span style=\"font-family: arial,helvetica,sans-serif;\"><span style=\"font-size: 10pt;\">Con capacidad para actualizarse de acuerdo con las demandas sociales. <\/span><\/span><\/span><\/div>\n<\/li>\n<li>\n<div style=\"line-height: normal; text-indent: -14.2pt; margin: 0cm 0cm 6pt 32.2pt;\"><span style=\"color: #000000;\"><span style=\"font-family: arial,helvetica,sans-serif;\"><span style=\"font-size: 10pt;\">Con sentido cr\u00edtico<\/span><\/span><\/span><\/div>\n<\/li>\n<li>\n<div style=\"line-height: normal; text-indent: -14.2pt; margin: 0cm 0cm 6pt 32.2pt;\"><span style=\"color: #000000;\"><span style=\"font-family: arial,helvetica,sans-serif;\"><span style=\"font-size: 10pt;\">Cooperativos<\/span><\/span><\/span><\/div>\n<\/li>\n<li>\n<div style=\"line-height: normal; text-indent: -14.2pt; margin: 0cm 0cm 6pt 32.2pt;\"><span style=\"color: #000000;\"><span style=\"font-family: arial,helvetica,sans-serif;\"><span style=\"font-size: 10pt;\">Comprometidos<\/span><\/span><\/span><\/div>\n<\/li>\n<li>\n<div style=\"line-height: normal; text-indent: -14.2pt; margin: 0cm 0cm 6pt 32.2pt;\"><span style=\"color: #000000;\"><span style=\"font-family: arial,helvetica,sans-serif;\"><span style=\"font-size: 10pt;\">Responsables<\/span><\/span><\/span><\/div>\n<\/li>\n<li>\n<div style=\"line-height: normal; text-indent: -14.2pt; margin: 0cm 0cm 6pt 32.2pt;\"><span style=\"color: #000000;\"><span style=\"font-family: arial,helvetica,sans-serif;\"><span style=\"font-size: 10pt;\">Creativos<\/span><\/span><\/span><\/div>\n<\/li>\n<li>\n<div style=\"line-height: normal; text-indent: -14.2pt; margin: 0cm 0cm 6pt 32.2pt;\"><span style=\"color: #000000;\"><span style=\"font-family: arial,helvetica,sans-serif;\"><span style=\"font-size: 10pt;\">Capaces de tomar decisiones<\/span><\/span><\/span><\/div>\n<\/li>\n<\/ul>\n<p style=\"text-align: justify;\"><span style=\"font-family: arial,helvetica,sans-serif;\">\u00a0<\/span><\/p>\n<p style=\"text-align: justify;\"><span style=\"font-family: arial,helvetica,sans-serif;\"><span style=\"font-size: 10pt;\"><span style=\"font-family: arial,helvetica,sans-serif;\"><span style=\"font-size: 10pt;\">El Profesorado posee una duraci\u00f3n de cuatro a\u00f1os y se cursa de 13:30 a 17:40.<\/span><\/span><\/span><\/span><\/p>\n<p style=\"text-align: justify;\"><span style=\"font-family: arial,helvetica,sans-serif;\"><span style=\"font-size: 10pt;\"><span style=\"font-family: arial,helvetica,sans-serif;\"><span style=\"font-size: 10pt;\">\u00a0<\/span><\/span><\/span><\/span><\/p>\n","protected":false},"excerpt":{"rendered":"<p>PLAN DE ESTUDIOS \u00a0 CORRELATIVIDADES El Dise\u00f1o Curricular de la Formaci\u00f3n Docente de Nivel Primario ha sido construido sobre la base de un proceso participativo durante el per\u00edodo 2006 &#8211; 2007. Este proceso se inici\u00f3 con la voluntad pol\u00edtica de la Direcci\u00f3n General de Cultura y Educaci\u00f3n de la provincia de Buenos Aires, mas el &#8230; <a title=\"Educaci\u00f3n Primaria\" class=\"read-more\" href=\"https:\/\/isfd22-bue.infd.edu.ar\/sitio\/profesorado-de-educacion-primaria\/\" aria-label=\"More on Educaci\u00f3n Primaria\">[+]<\/a><\/p>\n","protected":false},"author":10,"featured_media":0,"parent":0,"menu_order":0,"comment_status":"closed","ping_status":"closed","template":"","meta":[],"acf":[],"_links":{"self":[{"href":"https:\/\/isfd22-bue.infd.edu.ar\/sitio\/wp-json\/wp\/v2\/pages\/866"}],"collection":[{"href":"https:\/\/isfd22-bue.infd.edu.ar\/sitio\/wp-json\/wp\/v2\/pages"}],"about":[{"href":"https:\/\/isfd22-bue.infd.edu.ar\/sitio\/wp-json\/wp\/v2\/types\/page"}],"author":[{"embeddable":true,"href":"https:\/\/isfd22-bue.infd.edu.ar\/sitio\/wp-json\/wp\/v2\/users\/10"}],"replies":[{"embeddable":true,"href":"https:\/\/isfd22-bue.infd.edu.ar\/sitio\/wp-json\/wp\/v2\/comments?post=866"}],"version-history":[{"count":4,"href":"https:\/\/isfd22-bue.infd.edu.ar\/sitio\/wp-json\/wp\/v2\/pages\/866\/revisions"}],"predecessor-version":[{"id":1401,"href":"https:\/\/isfd22-bue.infd.edu.ar\/sitio\/wp-json\/wp\/v2\/pages\/866\/revisions\/1401"}],"wp:attachment":[{"href":"https:\/\/isfd22-bue.infd.edu.ar\/sitio\/wp-json\/wp\/v2\/media?parent=866"}],"curies":[{"name":"wp","href":"https:\/\/api.w.org\/{rel}","templated":true}]}}