{"id":857,"date":"2018-08-29T19:38:37","date_gmt":"2018-08-29T22:38:37","guid":{"rendered":"https:\/\/isfd22-bue.infd.edu.ar\/sitio\/biblioteca\/"},"modified":"2020-10-25T11:22:07","modified_gmt":"2020-10-25T14:22:07","slug":"biblioteca","status":"publish","type":"page","link":"https:\/\/isfd22-bue.infd.edu.ar\/sitio\/biblioteca\/","title":{"rendered":"Biblioteca"},"content":{"rendered":"<p style=\"text-align: center;\"><strong><span style=\"font-family: comic sans ms,sans-serif; font-size: 14pt; color: #0000ff;\">\u00a0\u00a0 Biblioteca \u00abAlejandra Pizarnik\u00bb<\/span><\/strong><\/p>\n<p style=\"text-align: center;\">\n<p style=\"text-align: center;\"><span class=\"Texto_resaltado Titulo2\"><img decoding=\"async\" loading=\"lazy\" title=\"Poetiza argentina 1936-1972\" src=\"https:\/\/isfd22-bue.infd.edu.ar\/sitio\/wp-content\/uploads\/2018\/08\/foto.bmp\" alt=\"Poetiza argentina 1936-1972\" width=\"78\" height=\"107\" border=\"0\" \/><br \/>\n<\/span><\/p>\n<p style=\"text-align: center;\">\n<p>\u00a0\u00a0\u00a0\u00a0\u00a0\u00a0\u00a0\u00a0\u00a0<span style=\"font-size: 12pt; font-family: comic sans ms,sans-serif; color: #333399;\"><strong> Historia<\/strong><\/span><\/p>\n<p><span style=\"font-size: 10pt; font-family: Arial;\">\u00a0\u00a0 La Biblioteca del Instituto Superior de Formaci\u00f3n Docente N\u00b0 22 naci\u00f3 el 1 de abril de 1968. El fondo bibliogr\u00e1fico original fue de 52 libros donados por la Direcci\u00f3n de Educaci\u00f3n.<\/span><\/p>\n<p style=\"text-align: left;\"><span style=\"font-size: 10pt; font-family: Arial;\">\u00a0\u00a0 En la actualidad cuanta con m\u00e1s de 5900 vol\u00famenes, algunos donados y otros adquiridos por la Asociaci\u00f3n Cooperadora.<\/span><\/p>\n<p style=\"text-align: left;\"><span style=\"font-size: 10pt; font-family: Arial;\">\u00a0\u00a0 Integran adem\u00e1s, el fondo bibliogr\u00e1fico, publicaciones peri\u00f3dicas, trabajos monogr\u00e1ficos, como as\u00ed tambi\u00e9n material audiovisual.<\/span><\/p>\n<p style=\"text-align: left;\"><span style=\"font-size: 10pt; font-family: Arial;\">\u00a0\u00a0 Desde el a\u00f1o 2004 el servicio de biblioteca se encuentra informatizado por programa winisis, contando con computadora conectada a Internet con horas otorgadas por abc.gov.ar, una computadora con servicio opac en red con Direcci\u00f3n, Secretar\u00eda y Preceptor\u00eda y tres para el uso de los alumnos.<br \/>\n<\/span><\/p>\n<p style=\"text-align: left;\"><span style=\"font-size: 10pt; font-family: Arial;\">\u00a0\u00a0 A partir del 2006 se comenz\u00f3 con base de datos Aguapey.<\/span><\/p>\n<p style=\"text-align: left;\"><span style=\"font-size: 10pt; font-family: Arial;\">\u00a0\u00a0 Durante el a\u00f1o 2008 y en el marco de los festejos por el cuarenta aniversario del Instituto, se organiz\u00f3 un concurso literario que cont\u00f3 con la participaci\u00f3n de alumnos y docentes con el fin de imponerle un nombre a la biblioteca. Las propuestas fueron variadas. <\/span><span style=\"font-size: 10pt; font-family: Arial;\">\u00abAlejandra Pizarnik\u00bb\u00a0<\/span><span style=\"font-size: 10pt; font-family: Arial;\"> fue el elegido por el jurado.<br \/>\n<\/span><\/p>\n<p style=\"text-align: left;\"><span style=\"font-size: 10pt; font-family: Arial;\">\u00a0\u00a0 Se desempe\u00f1aron como Bibliotecarias titulares\u00a0 las siguientes docentes: Ana Mar\u00eda Platero, Ana Mar\u00eda Laborde, Idilia Vivinetto, Gloria Fortete,\u00a0Mar\u00eda Celia Rusconi \u00a0y Mabel Lebrero.<\/span><\/p>\n<p><span style=\"font-size: 10pt; font-family: Arial;\">\u00a0 \u00a0Actualmente, la bibliotecaria de ambos turnos es la docente Rosa Recci.<\/span><\/p>\n<p style=\"text-align: left;\"><span style=\"font-size: 10pt; font-family: Arial;\">\u00a0\u00a0 La apertura diaria de la biblioteca es de 13:30 a 22 y 30 horas.<\/span><\/p>\n<p style=\"text-align: left;\"><span style=\"background-color: #ffffff; font-family: Arial; color: #000000; font-size: 10pt;\">\u00a0\u00a0 Acceden al pr\u00e9stamo domiciliario los socios de Cooperadora que presentan carnet y poseen la cuota actualizada.<\/span><\/p>\n<p style=\"text-align: left;\"><span style=\"background-color: #ffffff; font-family: Arial; color: #000000; font-size: 10pt;\">\u00a0\u00a0\u00a0 <img decoding=\"async\" loading=\"lazy\" class=\"aligncenter\" src=\"https:\/\/isfd22-bue.infd.edu.ar\/sitio\/wp-content\/uploads\/2018\/08\/Imagenes_biblioteca_001.jpg\" width=\"492\" height=\"369\" border=\"0\" \/><\/span><\/p>\n<p style=\"text-align: left;\"><span style=\"background-color: #ffffff; font-family: Arial; color: #000000; font-size: 10pt;\">\u00a0<\/span><\/p>\n<p style=\"text-align: left;\">\n<p style=\"text-align: left;\"><span style=\"background-color: #ffffff; font-family: Arial; color: #000000; font-size: 10pt;\"><br \/>\n<\/span><\/p>\n<p style=\"text-align: left;\"><span style=\"background-color: #ffffff; font-family: Arial; color: #000000; font-size: 10pt;\"><br \/>\n<\/span><\/p>\n<p style=\"text-align: left;\">\n<p style=\"text-align: left;\"><span style=\"background-color: #ffffff; font-family: Arial; color: #000000; font-size: 10pt;\"><br \/>\n<\/span><\/p>\n<p style=\"text-align: left;\"><span style=\"background-color: #ffffff; font-family: Arial; color: #000000; font-size: 10pt;\"><br \/>\n<\/span><\/p>\n","protected":false},"excerpt":{"rendered":"<p>\u00a0\u00a0 Biblioteca \u00abAlejandra Pizarnik\u00bb \u00a0\u00a0\u00a0\u00a0\u00a0\u00a0\u00a0\u00a0\u00a0 Historia \u00a0\u00a0 La Biblioteca del Instituto Superior de Formaci\u00f3n Docente N\u00b0 22 naci\u00f3 el 1 de abril de 1968. El fondo bibliogr\u00e1fico original fue de 52 libros donados por la Direcci\u00f3n de Educaci\u00f3n. \u00a0\u00a0 En la actualidad cuanta con m\u00e1s de 5900 vol\u00famenes, algunos donados y otros adquiridos por la &#8230; <a title=\"Biblioteca\" class=\"read-more\" href=\"https:\/\/isfd22-bue.infd.edu.ar\/sitio\/biblioteca\/\" aria-label=\"More on Biblioteca\">[+]<\/a><\/p>\n","protected":false},"author":10,"featured_media":0,"parent":0,"menu_order":0,"comment_status":"closed","ping_status":"closed","template":"","meta":[],"acf":[],"_links":{"self":[{"href":"https:\/\/isfd22-bue.infd.edu.ar\/sitio\/wp-json\/wp\/v2\/pages\/857"}],"collection":[{"href":"https:\/\/isfd22-bue.infd.edu.ar\/sitio\/wp-json\/wp\/v2\/pages"}],"about":[{"href":"https:\/\/isfd22-bue.infd.edu.ar\/sitio\/wp-json\/wp\/v2\/types\/page"}],"author":[{"embeddable":true,"href":"https:\/\/isfd22-bue.infd.edu.ar\/sitio\/wp-json\/wp\/v2\/users\/10"}],"replies":[{"embeddable":true,"href":"https:\/\/isfd22-bue.infd.edu.ar\/sitio\/wp-json\/wp\/v2\/comments?post=857"}],"version-history":[{"count":2,"href":"https:\/\/isfd22-bue.infd.edu.ar\/sitio\/wp-json\/wp\/v2\/pages\/857\/revisions"}],"predecessor-version":[{"id":1448,"href":"https:\/\/isfd22-bue.infd.edu.ar\/sitio\/wp-json\/wp\/v2\/pages\/857\/revisions\/1448"}],"wp:attachment":[{"href":"https:\/\/isfd22-bue.infd.edu.ar\/sitio\/wp-json\/wp\/v2\/media?parent=857"}],"curies":[{"name":"wp","href":"https:\/\/api.w.org\/{rel}","templated":true}]}}