{"id":855,"date":"2018-08-29T19:38:36","date_gmt":"2018-08-29T22:38:36","guid":{"rendered":"https:\/\/isfd22-bue.infd.edu.ar\/sitio\/profesorado-en-ingles\/"},"modified":"2019-11-19T11:35:39","modified_gmt":"2019-11-19T14:35:39","slug":"profesorado-en-ingles","status":"publish","type":"page","link":"https:\/\/isfd22-bue.infd.edu.ar\/sitio\/profesorado-en-ingles\/","title":{"rendered":"Ingl\u00e9s"},"content":{"rendered":"<p><img decoding=\"async\" loading=\"lazy\" class=\"wp-image-1340 aligncenter\" src=\"https:\/\/isfd22-bue.infd.edu.ar\/sitio\/wp-content\/uploads\/2019\/11\/ingles-princip.png\" alt=\"\" width=\"419\" height=\"207\" \/><\/p>\n<h6 style=\"text-align: center;\"><span style=\"color: #003366;\"><a href=\"https:\/\/isfd22-bue.infd.edu.ar\/sitio\/plan-de-estudios-3\/\">PLAN DE ESTUDIOS<\/a> \u00a0 \u00a0<a href=\"https:\/\/isfd22-bue.infd.edu.ar\/sitio\/correlatividades-5\/\">CORRELATIVIDADES<\/a><\/span><\/h6>\n<p style=\"text-align: justify;\"><span style=\"font-family: arial,helvetica,sans-serif;\"><span style=\"font-size: 12pt;\"><span style=\"font-size: 10pt;\">El\u00a0t\u00edtulo de Profesor de Ingl\u00e9s habilita para desempe\u00f1arse como docente en ESB y en Polimodal.\u00a0 Nuestro objetivo es que el alumno logre conducir al logro de la actuaci\u00f3n comunicativa eficiente, es decir, la utilizaci\u00f3n adecuada de los distintos c\u00f3digos ling\u00fc\u00edsticos, con distintos grados de formalizaci\u00f3n o planificaci\u00f3n, en producciones orales o escritas.<\/span><\/span><\/span><\/p>\n<p style=\"text-align: justify;\"><span style=\"font-family: arial, helvetica, sans-serif; font-size: 10pt;\">Para ingresar a esta carrera los interesados deber\u00e1n aprobar un examen de suficiencia que de cuenta de un nivel intermedio de la lengua extranjera.\u00a0<\/span><\/p>\n<p style=\"text-align: justify;\"><span style=\"font-family: arial, helvetica, sans-serif; font-size: 10pt;\">De no contar con estos conocimientos el Instituto brinda un curso preparatorio de un a\u00f1o de duraci\u00f3n. El \u00fanico requisito para cursarlo es ser egresado de la Escuela Secundaria o nivel Medio o estar cursando el \u00faltimo a\u00f1o de la misma.\u00a0<\/span><\/p>\n<p><span style=\"font-family: arial,helvetica,sans-serif;\">\u00a0<\/span>\u00a0<img decoding=\"async\" loading=\"lazy\" style=\"display: block; margin-left: auto; margin-right: auto;\" src=\"http:\/\/t0.gstatic.com\/images?q=tbn:ANd9GcRHg46SVOfCpS8n1ZP4Z-TwCz77Nt00J0Y0PVF0p4f4v2glcxOaxA\" width=\"274\" height=\"184\" border=\"0\" \/><\/p>\n<p>&nbsp;<\/p>\n","protected":false},"excerpt":{"rendered":"<p>PLAN DE ESTUDIOS \u00a0 \u00a0CORRELATIVIDADES El\u00a0t\u00edtulo de Profesor de Ingl\u00e9s habilita para desempe\u00f1arse como docente en ESB y en Polimodal.\u00a0 Nuestro objetivo es que el alumno logre conducir al logro de la actuaci\u00f3n comunicativa eficiente, es decir, la utilizaci\u00f3n adecuada de los distintos c\u00f3digos ling\u00fc\u00edsticos, con distintos grados de formalizaci\u00f3n o planificaci\u00f3n, en producciones orales &#8230; <a title=\"Ingl\u00e9s\" class=\"read-more\" href=\"https:\/\/isfd22-bue.infd.edu.ar\/sitio\/profesorado-en-ingles\/\" aria-label=\"More on Ingl\u00e9s\">[+]<\/a><\/p>\n","protected":false},"author":10,"featured_media":0,"parent":0,"menu_order":0,"comment_status":"closed","ping_status":"closed","template":"","meta":[],"acf":[],"_links":{"self":[{"href":"https:\/\/isfd22-bue.infd.edu.ar\/sitio\/wp-json\/wp\/v2\/pages\/855"}],"collection":[{"href":"https:\/\/isfd22-bue.infd.edu.ar\/sitio\/wp-json\/wp\/v2\/pages"}],"about":[{"href":"https:\/\/isfd22-bue.infd.edu.ar\/sitio\/wp-json\/wp\/v2\/types\/page"}],"author":[{"embeddable":true,"href":"https:\/\/isfd22-bue.infd.edu.ar\/sitio\/wp-json\/wp\/v2\/users\/10"}],"replies":[{"embeddable":true,"href":"https:\/\/isfd22-bue.infd.edu.ar\/sitio\/wp-json\/wp\/v2\/comments?post=855"}],"version-history":[{"count":5,"href":"https:\/\/isfd22-bue.infd.edu.ar\/sitio\/wp-json\/wp\/v2\/pages\/855\/revisions"}],"predecessor-version":[{"id":1399,"href":"https:\/\/isfd22-bue.infd.edu.ar\/sitio\/wp-json\/wp\/v2\/pages\/855\/revisions\/1399"}],"wp:attachment":[{"href":"https:\/\/isfd22-bue.infd.edu.ar\/sitio\/wp-json\/wp\/v2\/media?parent=855"}],"curies":[{"name":"wp","href":"https:\/\/api.w.org\/{rel}","templated":true}]}}