{"id":851,"date":"2018-08-29T19:38:35","date_gmt":"2018-08-29T22:38:35","guid":{"rendered":"https:\/\/isfd22-bue.infd.edu.ar\/sitio\/profesorado-en-lengua-y-literatura\/"},"modified":"2019-11-19T11:31:04","modified_gmt":"2019-11-19T14:31:04","slug":"profesorado-en-lengua-y-literatura","status":"publish","type":"page","link":"https:\/\/isfd22-bue.infd.edu.ar\/sitio\/profesorado-en-lengua-y-literatura\/","title":{"rendered":"Lengua y Literatura"},"content":{"rendered":"<p><span style=\"font-size: 12pt; color: #cc6600; font-family: Arial;\"><strong>\u00a0<img decoding=\"async\" loading=\"lazy\" class=\"wp-image-1335 aligncenter\" src=\"https:\/\/isfd22-bue.infd.edu.ar\/sitio\/wp-content\/uploads\/2019\/11\/lengua-princip.png\" alt=\"\" width=\"416\" height=\"232\" \/><\/strong><\/span><\/p>\n<h6 style=\"text-align: center;\"><span style=\"color: #003366;\"><a href=\"https:\/\/isfd22-bue.infd.edu.ar\/sitio\/plan-de-estudios-7\/\">PLAN DE ESTUDIOS<\/a> \u00a0 <a href=\"https:\/\/isfd22-bue.infd.edu.ar\/sitio\/correlatividades-6\/\">CORRELATIVIDADES<\/a><\/span><\/h6>\n<p><span style=\"font-size: 10pt; font-family: verdana,geneva;\">El Profesorado en Letras tiene como objetivo principal formar docentes\u00a0 competentes en el \u00e1rea\u00a0t\u00e9cnica, con s\u00f3lidos conocimientos pedag\u00f3gicos,\u00a0atentos a los cambios y transformaciones propios de nuestra\u00a0tarea cotidiana y comprometidos con la realidad sociocultural de nuestro pa\u00eds, con un perfil abierto a las necesidades de los otros en el mundo que nos toca transitar.<\/span><\/p>\n<p style=\"margin-right: 20px;\"><span style=\"font-size: 10pt; font-family: verdana,geneva;\">Nos preocupa una formaci\u00f3n integral e integrada que se cristaliza a partir de dos ejes vertebradores:\u00a0<\/span><\/p>\n<ul>\n<li>\n<p style=\"margin-right: 20px;\"><span style=\"font-size: 10pt; font-family: verdana,geneva;\">la formaci\u00f3n pedag\u00f3gica que involucra la preparaci\u00f3n en la actividad de la ense\u00f1anza a trav\u00e9s del abordaje de las diferentes metodolog\u00edas que conforman el quehacer \u00e1ulico;\u00a0<\/span><\/p>\n<\/li>\n<li>\n<p style=\"margin-right: 20px;\"><span style=\"font-size: 10pt; font-family: verdana,geneva;\">la formaci\u00f3n en Letras a partir de la cual se\u00a0busca insertar al alumno en el mundo de la literatura y el lenguaje en permanente contacto con otras disciplinas de las Ciencias Sociales y Humanas.<\/span><\/p>\n<\/li>\n<\/ul>\n<p style=\"margin-right: 20px;\"><span style=\"font-size: 10pt; font-family: verdana,geneva;\">En nuestro escenario de acci\u00f3n cada uno de nuestros alumnos son los protagonistas de este trabajo en equipo que llevamos a cabo junto con los\u00a0docentes, y en el cual tenemos como meta en com\u00fan la adquisici\u00f3n de las competencias necesarias para desarrollar con responsabilidad y eficiencia nuestra tarea.<\/span><\/p>\n<p style=\"margin-right: 20px;\"><span style=\"font-size: 10pt; font-family: verdana,geneva;\">Por esta finalidad es que construimos espacios de participaci\u00f3n en los que desarrollamos Proyectos Interdisciplinarios\u00a0con otras Areas y Carreras, Proyectos Comunitarios que permitan a nuestros estudiantes conocer y trabajar en\u00a0 instituciones con distintas realidades socioecon\u00f3micas brindando lo que saben hacer al servicio del que m\u00e1s lo necesita.<\/span><\/p>\n<p style=\"margin-right: 20px;\"><span style=\"font-size: 10pt;\">El t\u00edtulo de\u00a0PROFESOR\/RA DE EDUCACI\u00d3N SECUNDARIA EN LENGUA Y LITERATURA,\u00a0habilita\u00a0para desempe\u00f1arse como docente en Educaci\u00f3n Secundaria en los espacios curriculares y Cursos de la Especialidad.\u00a0\u00a0<\/span><\/p>\n","protected":false},"excerpt":{"rendered":"<p>\u00a0 PLAN DE ESTUDIOS \u00a0 CORRELATIVIDADES El Profesorado en Letras tiene como objetivo principal formar docentes\u00a0 competentes en el \u00e1rea\u00a0t\u00e9cnica, con s\u00f3lidos conocimientos pedag\u00f3gicos,\u00a0atentos a los cambios y transformaciones propios de nuestra\u00a0tarea cotidiana y comprometidos con la realidad sociocultural de nuestro pa\u00eds, con un perfil abierto a las necesidades de los otros en el mundo &#8230; <a title=\"Lengua y Literatura\" class=\"read-more\" href=\"https:\/\/isfd22-bue.infd.edu.ar\/sitio\/profesorado-en-lengua-y-literatura\/\" aria-label=\"More on Lengua y Literatura\">[+]<\/a><\/p>\n","protected":false},"author":10,"featured_media":0,"parent":0,"menu_order":0,"comment_status":"closed","ping_status":"closed","template":"","meta":[],"acf":[],"_links":{"self":[{"href":"https:\/\/isfd22-bue.infd.edu.ar\/sitio\/wp-json\/wp\/v2\/pages\/851"}],"collection":[{"href":"https:\/\/isfd22-bue.infd.edu.ar\/sitio\/wp-json\/wp\/v2\/pages"}],"about":[{"href":"https:\/\/isfd22-bue.infd.edu.ar\/sitio\/wp-json\/wp\/v2\/types\/page"}],"author":[{"embeddable":true,"href":"https:\/\/isfd22-bue.infd.edu.ar\/sitio\/wp-json\/wp\/v2\/users\/10"}],"replies":[{"embeddable":true,"href":"https:\/\/isfd22-bue.infd.edu.ar\/sitio\/wp-json\/wp\/v2\/comments?post=851"}],"version-history":[{"count":5,"href":"https:\/\/isfd22-bue.infd.edu.ar\/sitio\/wp-json\/wp\/v2\/pages\/851\/revisions"}],"predecessor-version":[{"id":1395,"href":"https:\/\/isfd22-bue.infd.edu.ar\/sitio\/wp-json\/wp\/v2\/pages\/851\/revisions\/1395"}],"wp:attachment":[{"href":"https:\/\/isfd22-bue.infd.edu.ar\/sitio\/wp-json\/wp\/v2\/media?parent=851"}],"curies":[{"name":"wp","href":"https:\/\/api.w.org\/{rel}","templated":true}]}}