{"id":1286,"date":"2019-11-07T09:16:50","date_gmt":"2019-11-07T12:16:50","guid":{"rendered":"https:\/\/isfd22-bue.infd.edu.ar\/sitio\/?page_id=1286"},"modified":"2021-04-07T20:50:01","modified_gmt":"2021-04-07T23:50:01","slug":"plan-de-estudios-8","status":"publish","type":"page","link":"https:\/\/isfd22-bue.infd.edu.ar\/sitio\/plan-de-estudios-8\/","title":{"rendered":"Plan de Estudios"},"content":{"rendered":"<p style=\"text-align: center;\"><span style=\"color: #003366;\">Profesorado de F\u00edsica<\/span><\/p>\n<h5><span style=\"color: #003366;\"><u>Primer a\u00f1o<\/u><\/span><\/h5>\n<ul>\n<li>Perspectiva Filos\u00f3fico-Pedag\u00f3gica I<\/li>\n<li>Perspectiva Pedag\u00f3gico-Did\u00e1ctica I<\/li>\n<li>Perspectiva Socio-Pol\u00edtica<\/li>\n<li>Psicolog\u00eda y Cultura en la Educaci\u00f3n<\/li>\n<li>Espacio de la Pr\u00e1ctica Docente I<\/li>\n<li>F\u00edsica y Elementos de Astronom\u00eda y Laboratorio I<\/li>\n<li>Qu\u00edmica y Laboratorio I<\/li>\n<li>Biolog\u00eda y Laboratorio I<\/li>\n<li>Matem\u00e1tica Instrumental I<\/li>\n<li>Integraci\u00f3n Areal I<\/li>\n<\/ul>\n<h5><span style=\"color: #003366;\"><u>Segundo a\u00f1o <\/u><\/span><\/h5>\n<ul>\n<li>Perspectiva Filos\u00f3fico Pedag\u00f3gica II<\/li>\n<li>Perspectiva Pedag\u00f3gico Did\u00e1ctica II<\/li>\n<li>Espacio de la Pr\u00e1ctica Docente II<\/li>\n<li>Psicolog\u00eda y Cultura<\/li>\n<li>F\u00edsica y Elementos de Astronom\u00eda y Laboratorio II<\/li>\n<li>Qu\u00edmica y Laboratorio II<\/li>\n<li>Biolog\u00eda y Laboratorio II<\/li>\n<li>Ciencias de la Tierra<\/li>\n<li>Matem\u00e1tica Instrumental II e Inform\u00e1tica Aplicada<\/li>\n<li>Integraci\u00f3n Areal II<\/li>\n<\/ul>\n<h5><span style=\"color: #003366;\"><u>Tercero a\u00f1o <\/u><\/span><\/h5>\n<ul>\n<li>Perspectiva Filos\u00f3fico-Pedag\u00f3gico-Did\u00e1ctica<\/li>\n<li>Perspectiva Pol\u00edtico-Institucional<\/li>\n<li>Espacio de la Pr\u00e1ctica Docente III<\/li>\n<li>Fuerzas, Movimiento y Energ\u00eda Mec\u00e1nica y Laboratorio<\/li>\n<li>Ondas y \u00d3ptica F\u00edsica y Laboratorio<\/li>\n<li>Electromagnetismo y Termodin\u00e1mica y Laboratorio<\/li>\n<li>Astronom\u00eda I<\/li>\n<li>Ciencias Naturales y su Ense\u00f1anza<\/li>\n<li>Matem\u00e1tica Aplicada<\/li>\n<li>Qu\u00edmica y Laboratorio III<\/li>\n<li>Espacio de Definici\u00f3n Institucional (EDI)<\/li>\n<\/ul>\n<h5><span style=\"color: #003366;\"><u>Cuarto a\u00f1o <\/u><\/span><\/h5>\n<ul>\n<li>F\u00edsica Moderna y Laboratorio<\/li>\n<li>F\u00edsica Te\u00f3rica<\/li>\n<li>Epistemolog\u00eda e Historia de la F\u00edsica<\/li>\n<li>Astronom\u00eda II<\/li>\n<li>Taller de F\u00edsica<\/li>\n<li>F\u00edsica y su Ense\u00f1anza<\/li>\n<li>Matem\u00e1tica para F\u00edsicos y sus Aplicaciones<\/li>\n<li>Espacio de Definici\u00f3n Institucional (EDI)<\/li>\n<li>Espacio de la Pr\u00e1ctica Docente IV<\/li>\n<\/ul>\n<p>&nbsp;<\/p>\n","protected":false},"excerpt":{"rendered":"<p>Profesorado de F\u00edsica Primer a\u00f1o Perspectiva Filos\u00f3fico-Pedag\u00f3gica I Perspectiva Pedag\u00f3gico-Did\u00e1ctica I Perspectiva Socio-Pol\u00edtica Psicolog\u00eda y Cultura en la Educaci\u00f3n Espacio de la Pr\u00e1ctica Docente I F\u00edsica y Elementos de Astronom\u00eda y Laboratorio I Qu\u00edmica y Laboratorio I Biolog\u00eda y Laboratorio I Matem\u00e1tica Instrumental I Integraci\u00f3n Areal I Segundo a\u00f1o Perspectiva Filos\u00f3fico Pedag\u00f3gica II Perspectiva Pedag\u00f3gico &#8230; <a title=\"Plan de Estudios\" class=\"read-more\" href=\"https:\/\/isfd22-bue.infd.edu.ar\/sitio\/plan-de-estudios-8\/\" aria-label=\"More on Plan de Estudios\">[+]<\/a><\/p>\n","protected":false},"author":689,"featured_media":0,"parent":0,"menu_order":0,"comment_status":"closed","ping_status":"closed","template":"","meta":[],"acf":[],"_links":{"self":[{"href":"https:\/\/isfd22-bue.infd.edu.ar\/sitio\/wp-json\/wp\/v2\/pages\/1286"}],"collection":[{"href":"https:\/\/isfd22-bue.infd.edu.ar\/sitio\/wp-json\/wp\/v2\/pages"}],"about":[{"href":"https:\/\/isfd22-bue.infd.edu.ar\/sitio\/wp-json\/wp\/v2\/types\/page"}],"author":[{"embeddable":true,"href":"https:\/\/isfd22-bue.infd.edu.ar\/sitio\/wp-json\/wp\/v2\/users\/689"}],"replies":[{"embeddable":true,"href":"https:\/\/isfd22-bue.infd.edu.ar\/sitio\/wp-json\/wp\/v2\/comments?post=1286"}],"version-history":[{"count":3,"href":"https:\/\/isfd22-bue.infd.edu.ar\/sitio\/wp-json\/wp\/v2\/pages\/1286\/revisions"}],"predecessor-version":[{"id":1487,"href":"https:\/\/isfd22-bue.infd.edu.ar\/sitio\/wp-json\/wp\/v2\/pages\/1286\/revisions\/1487"}],"wp:attachment":[{"href":"https:\/\/isfd22-bue.infd.edu.ar\/sitio\/wp-json\/wp\/v2\/media?parent=1286"}],"curies":[{"name":"wp","href":"https:\/\/api.w.org\/{rel}","templated":true}]}}