{"id":1261,"date":"2019-11-06T08:51:07","date_gmt":"2019-11-06T11:51:07","guid":{"rendered":"https:\/\/isfd22-bue.infd.edu.ar\/sitio\/?page_id=1261"},"modified":"2019-11-06T08:53:02","modified_gmt":"2019-11-06T11:53:02","slug":"plan-de-estudios-7","status":"publish","type":"page","link":"https:\/\/isfd22-bue.infd.edu.ar\/sitio\/plan-de-estudios-7\/","title":{"rendered":"Plan de Estudios"},"content":{"rendered":"<p style=\"text-align: center;\"><span style=\"color: #003366;\">Profesorado de Lengua Y Literatura<\/span><\/p>\n<p>&nbsp;<\/p>\n<h5><span style=\"color: #003366;\"><u>Primer a\u00f1o<\/u><\/span><\/h5>\n<ul>\n<li>Pedagog\u00eda<\/li>\n<li>Problem\u00e1ticas Socio-institucionales<\/li>\n<li>Did\u00e1ctica General<\/li>\n<li>Ling\u00fc\u00edstica y Gram\u00e1tica I<\/li>\n<li>Historia Social y Cultural de la Literatura I<\/li>\n<li>Teor\u00eda Literaria I<\/li>\n<li>Taller de Lectura y Escritura<\/li>\n<li>Historia de la Lengua Espa\u00f1ola<\/li>\n<li>Taller: \u201cEl trabajo docente: complejidades y entramados\u201d + Trabajo de Campo<\/li>\n<\/ul>\n<h5><span style=\"color: #003366;\"><u>Segundo a\u00f1o<\/u><\/span><\/h5>\n<ul>\n<li>Historia y Pol\u00edtica de la Educaci\u00f3n Argentina<\/li>\n<li>Ense\u00f1ar con Tecnolog\u00edas<\/li>\n<li>Perspectivas acerca de los sujetos de la educaci\u00f3n<\/li>\n<li>Ling\u00fc\u00edstica y Gram\u00e1tica II<\/li>\n<li>Historia Social y Cultural de la Literatura II<\/li>\n<li>Teor\u00eda Literaria II<\/li>\n<li>Semi\u00f3tica<\/li>\n<li>Seminario de Alfabetizaci\u00f3n Inicial en Lectura, Escritura y Literatura<\/li>\n<li>Did\u00e1ctica de la Lengua y la Literatura I: did\u00e1ctica y curr\u00edculum<\/li>\n<li>Taller: La Construcci\u00f3n del Trabajo Docente en la Escuela Secundaria + Trabajo de Campo + Pr\u00e1cticas Supervisadas (Acotadas)<\/li>\n<\/ul>\n<h5><span style=\"color: #003366;\"><u>Tercer a\u00f1o <\/u><\/span><\/h5>\n<ul>\n<li>Educaci\u00f3n para la diversidad<\/li>\n<li>La evaluaci\u00f3n de los aprendizajes<\/li>\n<li>Filosof\u00eda y Educaci\u00f3n<\/li>\n<li>Ingl\u00e9s \u2013 Nivel I<\/li>\n<li>Oratoria y Ret\u00f3rica Docente<\/li>\n<li>Ling\u00fc\u00edstica y Gram\u00e1tica III<\/li>\n<li>Literatura Espa\u00f1ola y Literatura Latinoamericana<\/li>\n<li>Psicoling\u00fc\u00edstica<\/li>\n<li>Teor\u00eda Literaria III<\/li>\n<li>\u2013 Taller: La Construcci\u00f3n de la Tarea Docente espec\u00edfica en la Ense\u00f1anza del Nivel + Trabajo de Campo + Pr\u00e1cticas Supervisadas Intensivas<\/li>\n<li>Did\u00e1ctica de la Lengua y la Literatura II: ense\u00f1anza con TIC<\/li>\n<\/ul>\n<h5><span style=\"color: #003366;\"><u>Cuarto a\u00f1o<\/u><\/span><\/h5>\n<ul>\n<li>An\u00e1lisis e intervenci\u00f3n en situaciones de convivencia escolar<\/li>\n<li>Ingl\u00e9s \u2013 Nivel II<\/li>\n<li>Tutor\u00eda y Orientaci\u00f3n Escolar<\/li>\n<li>Ling\u00fc\u00edstica y Gram\u00e1tica IV<\/li>\n<li>Literatura Argentina<\/li>\n<li>Socioling\u00fc\u00edstica<\/li>\n<li>Seminario: Literatura y otros lenguajes art\u00edsticos<\/li>\n<li>Did\u00e1ctica de la Lengua y la Literatura III: investigaci\u00f3n de los problemas de la ense\u00f1anza<\/li>\n<li>EDI (Espacio de Definici\u00f3n Institucional)<\/li>\n<li>Campo de la Formaci\u00f3n en la Pr\u00e1ctica Profesional<\/li>\n<li>Taller: La Reflexi\u00f3n sobre la Tarea Docente + Trabajo de Campo + Pr\u00e1cticas Supervisadas Intensivas<\/li>\n<\/ul>\n","protected":false},"excerpt":{"rendered":"<p>Profesorado de Lengua Y Literatura &nbsp; Primer a\u00f1o Pedagog\u00eda Problem\u00e1ticas Socio-institucionales Did\u00e1ctica General Ling\u00fc\u00edstica y Gram\u00e1tica I Historia Social y Cultural de la Literatura I Teor\u00eda Literaria I Taller de Lectura y Escritura Historia de la Lengua Espa\u00f1ola Taller: \u201cEl trabajo docente: complejidades y entramados\u201d + Trabajo de Campo Segundo a\u00f1o Historia y Pol\u00edtica de &#8230; <a title=\"Plan de Estudios\" class=\"read-more\" href=\"https:\/\/isfd22-bue.infd.edu.ar\/sitio\/plan-de-estudios-7\/\" aria-label=\"More on Plan de Estudios\">[+]<\/a><\/p>\n","protected":false},"author":689,"featured_media":0,"parent":0,"menu_order":0,"comment_status":"closed","ping_status":"closed","template":"","meta":[],"acf":[],"_links":{"self":[{"href":"https:\/\/isfd22-bue.infd.edu.ar\/sitio\/wp-json\/wp\/v2\/pages\/1261"}],"collection":[{"href":"https:\/\/isfd22-bue.infd.edu.ar\/sitio\/wp-json\/wp\/v2\/pages"}],"about":[{"href":"https:\/\/isfd22-bue.infd.edu.ar\/sitio\/wp-json\/wp\/v2\/types\/page"}],"author":[{"embeddable":true,"href":"https:\/\/isfd22-bue.infd.edu.ar\/sitio\/wp-json\/wp\/v2\/users\/689"}],"replies":[{"embeddable":true,"href":"https:\/\/isfd22-bue.infd.edu.ar\/sitio\/wp-json\/wp\/v2\/comments?post=1261"}],"version-history":[{"count":4,"href":"https:\/\/isfd22-bue.infd.edu.ar\/sitio\/wp-json\/wp\/v2\/pages\/1261\/revisions"}],"predecessor-version":[{"id":1266,"href":"https:\/\/isfd22-bue.infd.edu.ar\/sitio\/wp-json\/wp\/v2\/pages\/1261\/revisions\/1266"}],"wp:attachment":[{"href":"https:\/\/isfd22-bue.infd.edu.ar\/sitio\/wp-json\/wp\/v2\/media?parent=1261"}],"curies":[{"name":"wp","href":"https:\/\/api.w.org\/{rel}","templated":true}]}}