{"id":1230,"date":"2019-11-05T21:39:21","date_gmt":"2019-11-06T00:39:21","guid":{"rendered":"https:\/\/isfd22-bue.infd.edu.ar\/sitio\/?page_id=1230"},"modified":"2023-03-07T20:09:28","modified_gmt":"2023-03-07T23:09:28","slug":"plan-de-estudios-6","status":"publish","type":"page","link":"https:\/\/isfd22-bue.infd.edu.ar\/sitio\/plan-de-estudios-6\/","title":{"rendered":"PLANES DE ESTUDIO"},"content":{"rendered":"<p style=\"text-align: center;\"><span style=\"color: #000080;\">Profesorado de Geograf\u00eda<\/span><\/p>\n<h5><span style=\"color: #000080;\"><u>Primer a\u00f1o<\/u><\/span><\/h5>\n<ul>\n<li>Perspectiva Espacio-Temporal de Argentina y Am\u00e9rica<\/li>\n<li>Perspectiva Espacio-Temporal Mundial<\/li>\n<li>Antropolog\u00eda<\/li>\n<li>Integraci\u00f3n Areal I<\/li>\n<li>Perspectiva Filos\u00f3fico-Pedag\u00f3gica I<\/li>\n<li>Perspectiva Pedag\u00f3gico-Did\u00e1ctica I<\/li>\n<li>Perspectiva Socio-Pol\u00edtica<\/li>\n<li>Psicolog\u00eda y Cultura en la Educaci\u00f3n<\/li>\n<li>Espacio de la Pr\u00e1ctica Docente I<\/li>\n<\/ul>\n<h5><span style=\"color: #000080;\"><u>Segundo A\u00f1o<\/u><\/span><\/h5>\n<ul>\n<li>Perspectiva Filos\u00f3fico Pedag\u00f3gica II<\/li>\n<li>Perspectiva Pedag\u00f3gico Did\u00e1ctica II<\/li>\n<li>Espacio de la Pr\u00e1ctica Docente II<\/li>\n<li>Psicolog\u00eda y Cultura<\/li>\n<li>Perspectiva Ambiental I<\/li>\n<li>Perspectiva Social I<\/li>\n<li>Econom\u00eda<\/li>\n<li>Sociolog\u00eda<\/li>\n<li>Historia I<\/li>\n<li>Integraci\u00f3n Areal II<\/li>\n<\/ul>\n<h5><span style=\"color: #000080;\"><u>Tercer a\u00f1o<\/u><\/span><\/h5>\n<ul>\n<li>Perspectiva Filos\u00f3fico-Pedag\u00f3gico-Did\u00e1ctica<\/li>\n<li>Perspectiva Pol\u00edtico-Institucional<\/li>\n<li>Espacio de la Pr\u00e1ctica Docente III<\/li>\n<li>Geograf\u00eda Urbana y Rural<\/li>\n<li>Geograf\u00eda Pol\u00edtica<\/li>\n<li>Organizaci\u00f3n Econ\u00f3mica del Espacio<\/li>\n<li>Geograf\u00eda Ambiental II<\/li>\n<li>Investigaci\u00f3n Geogr\u00e1fica I<\/li>\n<li>Historia II<\/li>\n<li>Problem\u00e1tica Pol\u00edtica, Jur\u00eddica y Ciudadana<\/li>\n<li>Epistemolog\u00eda e Historia de las Ciencias Sociales<\/li>\n<\/ul>\n<h5><span style=\"color: #000080;\"><u>Cuarto A\u00f1o<\/u><\/span><\/h5>\n<ul>\n<li>Problemas Espaciales Mundiales<\/li>\n<li>Problemas Espaciales Americanos<\/li>\n<li>Organizaci\u00f3n del Espacio Argentino<\/li>\n<li>Investigaci\u00f3n Geogr\u00e1fica II<\/li>\n<li>Historia III<\/li>\n<li>Espacio de Definici\u00f3n Institucional (EDI)<\/li>\n<\/ul>\n","protected":false},"excerpt":{"rendered":"<p>Profesorado de Geograf\u00eda Primer a\u00f1o Perspectiva Espacio-Temporal de Argentina y Am\u00e9rica Perspectiva Espacio-Temporal Mundial Antropolog\u00eda Integraci\u00f3n Areal I Perspectiva Filos\u00f3fico-Pedag\u00f3gica I Perspectiva Pedag\u00f3gico-Did\u00e1ctica I Perspectiva Socio-Pol\u00edtica Psicolog\u00eda y Cultura en la Educaci\u00f3n Espacio de la Pr\u00e1ctica Docente I Segundo A\u00f1o Perspectiva Filos\u00f3fico Pedag\u00f3gica II Perspectiva Pedag\u00f3gico Did\u00e1ctica II Espacio de la Pr\u00e1ctica Docente II Psicolog\u00eda &#8230; <a title=\"PLANES DE ESTUDIO\" class=\"read-more\" href=\"https:\/\/isfd22-bue.infd.edu.ar\/sitio\/plan-de-estudios-6\/\" aria-label=\"More on PLANES DE ESTUDIO\">[+]<\/a><\/p>\n","protected":false},"author":689,"featured_media":0,"parent":0,"menu_order":0,"comment_status":"closed","ping_status":"closed","template":"","meta":[],"acf":[],"_links":{"self":[{"href":"https:\/\/isfd22-bue.infd.edu.ar\/sitio\/wp-json\/wp\/v2\/pages\/1230"}],"collection":[{"href":"https:\/\/isfd22-bue.infd.edu.ar\/sitio\/wp-json\/wp\/v2\/pages"}],"about":[{"href":"https:\/\/isfd22-bue.infd.edu.ar\/sitio\/wp-json\/wp\/v2\/types\/page"}],"author":[{"embeddable":true,"href":"https:\/\/isfd22-bue.infd.edu.ar\/sitio\/wp-json\/wp\/v2\/users\/689"}],"replies":[{"embeddable":true,"href":"https:\/\/isfd22-bue.infd.edu.ar\/sitio\/wp-json\/wp\/v2\/comments?post=1230"}],"version-history":[{"count":3,"href":"https:\/\/isfd22-bue.infd.edu.ar\/sitio\/wp-json\/wp\/v2\/pages\/1230\/revisions"}],"predecessor-version":[{"id":1660,"href":"https:\/\/isfd22-bue.infd.edu.ar\/sitio\/wp-json\/wp\/v2\/pages\/1230\/revisions\/1660"}],"wp:attachment":[{"href":"https:\/\/isfd22-bue.infd.edu.ar\/sitio\/wp-json\/wp\/v2\/media?parent=1230"}],"curies":[{"name":"wp","href":"https:\/\/api.w.org\/{rel}","templated":true}]}}