{"id":1212,"date":"2019-11-05T21:14:42","date_gmt":"2019-11-06T00:14:42","guid":{"rendered":"https:\/\/isfd22-bue.infd.edu.ar\/sitio\/?page_id=1212"},"modified":"2019-11-05T21:41:18","modified_gmt":"2019-11-06T00:41:18","slug":"plan-de-estudios-historia","status":"publish","type":"page","link":"https:\/\/isfd22-bue.infd.edu.ar\/sitio\/plan-de-estudios-historia\/","title":{"rendered":"Plan de Estudios"},"content":{"rendered":"<p style=\"text-align: center;\"><span style=\"color: #000080;\">Profesorado de Historia<\/span><\/p>\n<h5><span style=\"color: #000080;\"><u>Primer a\u00f1o<\/u><\/span><\/h5>\n<ul>\n<li>Perspectiva Espacio-Temporal de Argentina y Am\u00e9rica<\/li>\n<li>Perspectiva Espacio-Temporal Mundial<\/li>\n<li>Antropolog\u00eda<\/li>\n<li>Integraci\u00f3n Areal I<\/li>\n<li>Perspectiva Filos\u00f3fico-Pedag\u00f3gica I<\/li>\n<li>Perspectiva Pedag\u00f3gico-Did\u00e1ctica I<\/li>\n<li>Perspectiva Socio-Pol\u00edtica<\/li>\n<li>Psicolog\u00eda y Cultura en la Educaci\u00f3n<\/li>\n<li>Espacio de la Pr\u00e1ctica Docente I<\/li>\n<\/ul>\n<h5><span style=\"color: #000080;\"><u>Segundo\u00a0 a\u00f1o<\/u><\/span><\/h5>\n<ul>\n<li>Perspectiva Filos\u00f3fico Pedag\u00f3gica II<\/li>\n<li>Perspectiva Pedag\u00f3gico Did\u00e1ctica II<\/li>\n<li>Espacio de la Pr\u00e1ctica Docente II<\/li>\n<li>Psicolog\u00eda y Cultura<\/li>\n<li>Historia Americana y Argentina I<\/li>\n<li>Historia Mundial I<\/li>\n<li>Econom\u00eda<\/li>\n<li>Sociolog\u00eda<\/li>\n<li>Geograf\u00eda I<\/li>\n<li>Integraci\u00f3n Areal II<\/li>\n<\/ul>\n<h5><span style=\"color: #000080;\"><u>Tercer a\u00f1o<\/u><\/span><\/h5>\n<ul>\n<li>Perspectiva Filos\u00f3fico-Pedag\u00f3gico-Did\u00e1ctica<\/li>\n<li>Perspectiva Pol\u00edtico-Institucional<\/li>\n<li>Espacio de la Pr\u00e1ctica Docente III<\/li>\n<li>Historia Mundial (Siglo XIX)<\/li>\n<li>Historia Americana (Siglo XIX)<\/li>\n<li>Historia Argentina (Siglo XIX)<\/li>\n<li>Investigaci\u00f3n Hist\u00f3rica I<\/li>\n<li>Geograf\u00eda II<\/li>\n<li>Problem\u00e1tica Pol\u00edtica, Jur\u00eddica y Ciudadana<\/li>\n<li>Epistemolog\u00eda e Historia de las Ciencias Sociales<\/li>\n<\/ul>\n<h5><span style=\"color: #000080;\"><u>Cuarto a\u00f1o<\/u><\/span><\/h5>\n<ul>\n<li>Historia Mundial (Siglo XX)<\/li>\n<li>Historia Americana (Siglo XX)<\/li>\n<li>Historia Argentina (Siglo XX)<\/li>\n<li>Investigaci\u00f3n Hist\u00f3rica II<\/li>\n<li>Geograf\u00eda III<\/li>\n<li>Espacio de Definici\u00f3n Institucional (EDI)<\/li>\n<\/ul>\n","protected":false},"excerpt":{"rendered":"<p>Profesorado de Historia Primer a\u00f1o Perspectiva Espacio-Temporal de Argentina y Am\u00e9rica Perspectiva Espacio-Temporal Mundial Antropolog\u00eda Integraci\u00f3n Areal I Perspectiva Filos\u00f3fico-Pedag\u00f3gica I Perspectiva Pedag\u00f3gico-Did\u00e1ctica I Perspectiva Socio-Pol\u00edtica Psicolog\u00eda y Cultura en la Educaci\u00f3n Espacio de la Pr\u00e1ctica Docente I Segundo\u00a0 a\u00f1o Perspectiva Filos\u00f3fico Pedag\u00f3gica II Perspectiva Pedag\u00f3gico Did\u00e1ctica II Espacio de la Pr\u00e1ctica Docente II Psicolog\u00eda &#8230; <a title=\"Plan de Estudios\" class=\"read-more\" href=\"https:\/\/isfd22-bue.infd.edu.ar\/sitio\/plan-de-estudios-historia\/\" aria-label=\"More on Plan de Estudios\">[+]<\/a><\/p>\n","protected":false},"author":689,"featured_media":0,"parent":0,"menu_order":0,"comment_status":"closed","ping_status":"closed","template":"","meta":[],"acf":[],"_links":{"self":[{"href":"https:\/\/isfd22-bue.infd.edu.ar\/sitio\/wp-json\/wp\/v2\/pages\/1212"}],"collection":[{"href":"https:\/\/isfd22-bue.infd.edu.ar\/sitio\/wp-json\/wp\/v2\/pages"}],"about":[{"href":"https:\/\/isfd22-bue.infd.edu.ar\/sitio\/wp-json\/wp\/v2\/types\/page"}],"author":[{"embeddable":true,"href":"https:\/\/isfd22-bue.infd.edu.ar\/sitio\/wp-json\/wp\/v2\/users\/689"}],"replies":[{"embeddable":true,"href":"https:\/\/isfd22-bue.infd.edu.ar\/sitio\/wp-json\/wp\/v2\/comments?post=1212"}],"version-history":[{"count":7,"href":"https:\/\/isfd22-bue.infd.edu.ar\/sitio\/wp-json\/wp\/v2\/pages\/1212\/revisions"}],"predecessor-version":[{"id":1234,"href":"https:\/\/isfd22-bue.infd.edu.ar\/sitio\/wp-json\/wp\/v2\/pages\/1212\/revisions\/1234"}],"wp:attachment":[{"href":"https:\/\/isfd22-bue.infd.edu.ar\/sitio\/wp-json\/wp\/v2\/media?parent=1212"}],"curies":[{"name":"wp","href":"https:\/\/api.w.org\/{rel}","templated":true}]}}