{"id":1171,"date":"2019-10-30T09:21:06","date_gmt":"2019-10-30T12:21:06","guid":{"rendered":"https:\/\/isfd22-bue.infd.edu.ar\/sitio\/?page_id=1171"},"modified":"2025-12-29T18:44:21","modified_gmt":"2025-12-29T21:44:21","slug":"inscripciones-2020","status":"publish","type":"page","link":"https:\/\/isfd22-bue.infd.edu.ar\/sitio\/inscripciones-2020\/","title":{"rendered":"INSCRIPCIONES 2026."},"content":{"rendered":"\n<p><\/p>\n\n\n<h1>Inscripci\u00f3n ciclo 2026:<\/h1>\n<h1>2 de febrero al 6 de marzo\u00a0<\/h1>\n<h3><strong>Para realizar la inscripci\u00f3n se deber\u00e1 entregar en la sede del instituto la documentaci\u00f3n que se detalla a continuaci\u00f3n:\u00a0<\/strong><\/h3>\n<ul>\n<li><strong style=\"font-size: inherit;\">Ficha de inscripci\u00f3n: descargar <\/strong><a href=\"https:\/\/drive.google.com\/file\/d\/1YiBByh72AW4sNHvt223yVnGp-6vzkE4U\/view?usp=sharing\" target=\"_blank\" rel=\"noopener\">Planilla de inscripci\u00f3n<\/a><\/li>\n<li><strong style=\"font-size: inherit;\">Fotocopia de DNI<\/strong><\/li>\n<li><strong style=\"font-size: inherit;\">Fotocopia de t\u00edtulo Secundario o constancia de t\u00edtulo en tr\u00e1mite<\/strong><\/li>\n<li><strong style=\"font-size: inherit;\">Acta de nacimiento o partida de nacimiento<\/strong><\/li>\n<li><strong style=\"font-size: inherit;\"><strong>2 fotos carnet.\u00a0<\/strong><\/strong><\/li>\n<\/ul>\n<p><strong>\u00a0<\/strong><strong>\u00a1\u00a1Importante!! Toda la documentaci\u00f3n deber\u00e1 presentarse en folio tama\u00f1o oficio , junto con: fotocopia de T\u00edtulo Secundario (presentar original)<\/strong><\/p>\n<p><strong>Horario de Inscripci\u00f3n: de 14 <\/strong><strong>a 21 hs.<\/strong><\/p>\n<p><b>Lugar: Biblioteca del\u00a0 ISFD N\u00b0 22. Ayacucho y Bol\u00edvar, 1\u00b0 Piso.<\/b><\/p>\n<h5 style=\"text-align: center;\"><strong style=\"color: #003366; font-size: 16px;\">Seguinos en nuestras redes:<\/strong><\/h5>\n<p><a href=\"https:\/\/www.facebook.com\/isfd.adolfoalsina\" target=\"_blank\" rel=\"noopener\"><img decoding=\"async\" loading=\"lazy\" class=\"aligncenter\" src=\"https:\/\/estaticos.elperiodico.com\/resources\/jpg\/4\/5\/logo-facebook-1551433701754.jpg\" alt=\"Noticias de Facebook\" width=\"36\" height=\"36\" \/><\/a><\/p>\n<p><a href=\"https:\/\/www.instagram.com\/isfd22\/\" target=\"_blank\" rel=\"noopener\"><img decoding=\"async\" loading=\"lazy\" class=\"aligncenter\" src=\"https:\/\/fatimamartinez.es\/wp-content\/uploads\/2018\/09\/Instagram-logo-de-600-600x600.jpg\" alt=\"Lo que he aprendido de Instagram este verano, trucos y herramientas | | Luces y sombras de las marcas\" width=\"49\" height=\"49\" \/><\/a><\/p>\n\n\n<p><\/p>\n","protected":false},"excerpt":{"rendered":"<p>Inscripci\u00f3n ciclo 2026: 2 de febrero al 6 de marzo\u00a0 Para realizar la inscripci\u00f3n se deber\u00e1 entregar en la sede del instituto la documentaci\u00f3n que se detalla a continuaci\u00f3n:\u00a0 Ficha de inscripci\u00f3n: descargar Planilla de inscripci\u00f3n Fotocopia de DNI Fotocopia de t\u00edtulo Secundario o constancia de t\u00edtulo en tr\u00e1mite Acta de nacimiento o partida de &#8230; <a title=\"INSCRIPCIONES 2026.\" class=\"read-more\" href=\"https:\/\/isfd22-bue.infd.edu.ar\/sitio\/inscripciones-2020\/\" aria-label=\"More on INSCRIPCIONES 2026.\">[+]<\/a><\/p>\n","protected":false},"author":689,"featured_media":0,"parent":0,"menu_order":0,"comment_status":"closed","ping_status":"closed","template":"","meta":[],"acf":[],"_links":{"self":[{"href":"https:\/\/isfd22-bue.infd.edu.ar\/sitio\/wp-json\/wp\/v2\/pages\/1171"}],"collection":[{"href":"https:\/\/isfd22-bue.infd.edu.ar\/sitio\/wp-json\/wp\/v2\/pages"}],"about":[{"href":"https:\/\/isfd22-bue.infd.edu.ar\/sitio\/wp-json\/wp\/v2\/types\/page"}],"author":[{"embeddable":true,"href":"https:\/\/isfd22-bue.infd.edu.ar\/sitio\/wp-json\/wp\/v2\/users\/689"}],"replies":[{"embeddable":true,"href":"https:\/\/isfd22-bue.infd.edu.ar\/sitio\/wp-json\/wp\/v2\/comments?post=1171"}],"version-history":[{"count":62,"href":"https:\/\/isfd22-bue.infd.edu.ar\/sitio\/wp-json\/wp\/v2\/pages\/1171\/revisions"}],"predecessor-version":[{"id":1766,"href":"https:\/\/isfd22-bue.infd.edu.ar\/sitio\/wp-json\/wp\/v2\/pages\/1171\/revisions\/1766"}],"wp:attachment":[{"href":"https:\/\/isfd22-bue.infd.edu.ar\/sitio\/wp-json\/wp\/v2\/media?parent=1171"}],"curies":[{"name":"wp","href":"https:\/\/api.w.org\/{rel}","templated":true}]}}