{"id":1007,"date":"2018-08-29T19:39:31","date_gmt":"2018-08-29T22:39:31","guid":{"rendered":"https:\/\/isfd22-bue.infd.edu.ar\/sitio\/regimen-academico-marco-jurisdiccional-disposicion-general\/"},"modified":"2025-02-26T11:18:39","modified_gmt":"2025-02-26T14:18:39","slug":"regimen-academico-marco-jurisdiccional-disposicion-general","status":"publish","type":"page","link":"https:\/\/isfd22-bue.infd.edu.ar\/sitio\/regimen-academico-marco-jurisdiccional-disposicion-general\/","title":{"rendered":"R\u00e9gimen Acad\u00e9mico Marco Jurisdiccional. Disposici\u00f3n General"},"content":{"rendered":"\n<p><a href=\"https:\/\/drive.google.com\/file\/d\/1mwpm-kDiS8ZxVVP55Y6Lwj_fYONd_i78\/view?usp=sharing\" target=\"_blank\" rel=\"noreferrer noopener\">Anexo 1 Disposiciones generales <\/a><\/p>\n\n\n\n<p><a href=\"https:\/\/drive.google.com\/file\/d\/10BMGm0XSyCuyMFEyLhbnNgIwe1RaQ8VI\/view?usp=sharing\" target=\"_blank\" rel=\"noreferrer noopener\">Anexo 2 Estudiante itinerante<\/a><\/p>\n\n\n\n<p><a href=\"https:\/\/drive.google.com\/file\/d\/1FcVc7mamt5PMXcM71HXrFl3ZR1zWSuBp\/view?usp=sharing\" target=\"_blank\" rel=\"noreferrer noopener\">Anexo 3 Propuesta Pedag\u00f3gica Combinada <\/a><\/p>\n","protected":false},"excerpt":{"rendered":"<p>Anexo 1 Disposiciones generales Anexo 2 Estudiante itinerante Anexo 3 Propuesta Pedag\u00f3gica Combinada<\/p>\n","protected":false},"author":10,"featured_media":0,"parent":0,"menu_order":0,"comment_status":"closed","ping_status":"closed","template":"","meta":[],"acf":[],"_links":{"self":[{"href":"https:\/\/isfd22-bue.infd.edu.ar\/sitio\/wp-json\/wp\/v2\/pages\/1007"}],"collection":[{"href":"https:\/\/isfd22-bue.infd.edu.ar\/sitio\/wp-json\/wp\/v2\/pages"}],"about":[{"href":"https:\/\/isfd22-bue.infd.edu.ar\/sitio\/wp-json\/wp\/v2\/types\/page"}],"author":[{"embeddable":true,"href":"https:\/\/isfd22-bue.infd.edu.ar\/sitio\/wp-json\/wp\/v2\/users\/10"}],"replies":[{"embeddable":true,"href":"https:\/\/isfd22-bue.infd.edu.ar\/sitio\/wp-json\/wp\/v2\/comments?post=1007"}],"version-history":[{"count":3,"href":"https:\/\/isfd22-bue.infd.edu.ar\/sitio\/wp-json\/wp\/v2\/pages\/1007\/revisions"}],"predecessor-version":[{"id":1747,"href":"https:\/\/isfd22-bue.infd.edu.ar\/sitio\/wp-json\/wp\/v2\/pages\/1007\/revisions\/1747"}],"wp:attachment":[{"href":"https:\/\/isfd22-bue.infd.edu.ar\/sitio\/wp-json\/wp\/v2\/media?parent=1007"}],"curies":[{"name":"wp","href":"https:\/\/api.w.org\/{rel}","templated":true}]}}