{"id":1003,"date":"2018-08-29T19:39:29","date_gmt":"2018-08-29T22:39:29","guid":{"rendered":"https:\/\/isfd22-bue.infd.edu.ar\/sitio\/cobertura-de-catedra\/"},"modified":"2026-03-04T21:04:18","modified_gmt":"2026-03-05T00:04:18","slug":"cobertura-de-catedra","status":"publish","type":"page","link":"https:\/\/isfd22-bue.infd.edu.ar\/sitio\/cobertura-de-catedra\/","title":{"rendered":"Cobertura de c\u00e1tedra"},"content":{"rendered":"\n<p>Se informa a la comunidad educativa que se encuentra disponible la <strong>Resoluci\u00f3n de Convocatoria a Concurso<\/strong>, junto con los <strong>anexos correspondientes<\/strong>.<\/p>\n\n\n\n<p>Las y los interesados podr\u00e1n <strong>consultar y descargar la documentaci\u00f3n completa en los enlaces que se presentan a continuaci\u00f3n<\/strong>.<\/p>\n\n\n\n<p><strong>Importante:<\/strong> quienes se presenten a <strong>concursos de Unidades Curriculares<\/strong> deber\u00e1n <strong>consultar espec\u00edficamente el Anexo 1, 2 y 3<\/strong>, donde se detallan los requisitos y criterios establecidos para este tipo de concurso.<\/p>\n\n\n\n<p>A continuaci\u00f3n se encuentran disponibles los enlaces para acceder a la <strong>Resoluci\u00f3n y a sus anexos<\/strong>.<\/p>\n\n\n\n<p><a href=\"https:\/\/drive.google.com\/file\/d\/13xrXvvnRsx5X_Sd6N7XiVplAmi1XHcK2\/view?usp=sharing\">RESOLUCI\u00d3N 6179\/25<\/a><\/p>\n\n\n\n<p><a href=\"https:\/\/drive.google.com\/drive\/mobile\/folders\/1Tcw10tleL4uLfritnUQmMGQ6MdbythhZ?usp=sharing&amp;fbclid=IwdGRjcAQMkfhleHRuA2FlbQIxMQBzcnRjBmFwcF9pZAo2NjI4NTY4Mzc5AAEed8ZsHTDKFmQhpirq2Z5XU9-nDBuuBiAoNnqsXyn79xZaZuFEuGDsN8vpds0_aem_Uu4DogxfCj99LPGJ858qNA\">ANEXOS <\/a><\/p>\n\n\n\n<p><\/p>\n\n\n\n<p><\/p>\n\n\n\n<p><\/p>\n\n\n\n<p><\/p>\n\n\n\n<p><\/p>\n\n\n\n<p><\/p>\n\n\n\n<p><\/p>\n\n\n\n<p><\/p>\n\n\n\n<p><\/p>\n\n\n\n<p><\/p>\n\n\n\n<p><\/p>\n\n\n\n<p><\/p>\n\n\n\n<p><\/p>\n\n\n\n<p><\/p>\n\n\n\n<p><\/p>\n\n\n\n<p><\/p>\n\n\n\n<p><\/p>\n\n\n\n<p><\/p>\n\n\n\n<p><\/p>\n\n\n\n<p><\/p>\n\n\n\n<p><\/p>\n\n\n\n<p><\/p>\n\n\n\n<p><\/p>\n\n\n\n<p><\/p>\n\n\n\n<p><\/p>\n\n\n\n<p><\/p>\n\n\n\n<p><\/p>\n\n\n\n<p><\/p>\n","protected":false},"excerpt":{"rendered":"<p>Se informa a la comunidad educativa que se encuentra disponible la Resoluci\u00f3n de Convocatoria a Concurso, junto con los anexos correspondientes. Las y los interesados podr\u00e1n consultar y descargar la documentaci\u00f3n completa en los enlaces que se presentan a continuaci\u00f3n. Importante: quienes se presenten a concursos de Unidades Curriculares deber\u00e1n consultar espec\u00edficamente el Anexo 1, &#8230; <a title=\"Cobertura de c\u00e1tedra\" class=\"read-more\" href=\"https:\/\/isfd22-bue.infd.edu.ar\/sitio\/cobertura-de-catedra\/\" aria-label=\"More on Cobertura de c\u00e1tedra\">[+]<\/a><\/p>\n","protected":false},"author":10,"featured_media":0,"parent":0,"menu_order":0,"comment_status":"closed","ping_status":"closed","template":"","meta":[],"acf":[],"_links":{"self":[{"href":"https:\/\/isfd22-bue.infd.edu.ar\/sitio\/wp-json\/wp\/v2\/pages\/1003"}],"collection":[{"href":"https:\/\/isfd22-bue.infd.edu.ar\/sitio\/wp-json\/wp\/v2\/pages"}],"about":[{"href":"https:\/\/isfd22-bue.infd.edu.ar\/sitio\/wp-json\/wp\/v2\/types\/page"}],"author":[{"embeddable":true,"href":"https:\/\/isfd22-bue.infd.edu.ar\/sitio\/wp-json\/wp\/v2\/users\/10"}],"replies":[{"embeddable":true,"href":"https:\/\/isfd22-bue.infd.edu.ar\/sitio\/wp-json\/wp\/v2\/comments?post=1003"}],"version-history":[{"count":4,"href":"https:\/\/isfd22-bue.infd.edu.ar\/sitio\/wp-json\/wp\/v2\/pages\/1003\/revisions"}],"predecessor-version":[{"id":1774,"href":"https:\/\/isfd22-bue.infd.edu.ar\/sitio\/wp-json\/wp\/v2\/pages\/1003\/revisions\/1774"}],"wp:attachment":[{"href":"https:\/\/isfd22-bue.infd.edu.ar\/sitio\/wp-json\/wp\/v2\/media?parent=1003"}],"curies":[{"name":"wp","href":"https:\/\/api.w.org\/{rel}","templated":true}]}}